{"id":4047,"date":"2016-09-05T16:15:20","date_gmt":"2016-09-05T16:15:20","guid":{"rendered":"http:\/\/leonbijelic.com\/?page_id=4047"},"modified":"2016-11-18T13:35:00","modified_gmt":"2016-11-18T13:35:00","slug":"bentoproduct-d-o-o-paketi-za-fotografisanje-proslave","status":"publish","type":"page","link":"https:\/\/leonbijelic.com\/en\/bentoproduct-d-o-o-paketi-za-fotografisanje-proslave\/","title":{"rendered":"Bentoproduct d.o.o &#8211; Paketi za fotografisanje proslave"},"content":{"rendered":"<p><div class=\"fusion-fullwidth fullwidth-box fusion-builder-row-1 fusion-flex-container hundred-percent-fullwidth non-hundred-percent-height-scrolling\" style=\"background-color: #ffffff;background-position: center center;background-repeat: no-repeat;border-width: 0px 0px 0px 0px;border-color:#eae9e9;border-style:solid;\" ><div class=\"fusion-builder-row fusion-row fusion-flex-align-items-flex-start\" style=\"width:104% !important;max-width:104% !important;margin-left: calc(-4% \/ 2 );margin-right: calc(-4% \/ 2 );\"><div class=\"fusion-layout-column fusion_builder_column fusion-builder-column-0 fusion_builder_column_1_2 1_2 fusion-flex-column\"><div class=\"fusion-column-wrapper fusion-flex-justify-content-flex-start fusion-content-layout-column\" style=\"background-position:left top;background-repeat:no-repeat;-webkit-background-size:cover;-moz-background-size:cover;-o-background-size:cover;background-size:cover;padding: 0px 0px 0px 0px;\"><div class=\"fusion-text fusion-text-1\"><h1 style=\"text-align: center;\"><span style=\"color: #666699; font-size: 24pt;\">PAKET <em>L<\/em><\/span><\/h1>\n<p style=\"text-align: center;\"><span style=\"font-size: 14pt;\">Fotografisanje u \u010detvrtak i petak.<strong><br \/>\n<\/strong><br \/>\n<span style=\"font-size: 18pt;\">Vremenski period:<\/span><strong><br \/>\n<\/strong><\/span><\/p>\n<p style=\"text-align: center;\"><span style=\"font-size: 14pt;\"><strong>\u010cetvrtak: Od 17:30h do 00:30h<br \/>\nPetak: Od 9:30h do 16:30h<\/strong><\/span><\/p>\n<h3 style=\"text-align: center;\"><span style=\"color: #666699;\"><span style=\"font-size: 24pt;\">PAKET SADR\u017dI:<\/span><br \/>\n<\/span><\/h3>\n<p style=\"text-align: center;\"><span style=\"font-size: 14pt;\"><strong>Dva fotografa<br \/>\n<\/strong>Jedan prati program i prezentaciju<br \/>\nDrugi prati ljude, momente, detalje<br \/>\n<b><\/b><\/span><\/p>\n<p style=\"text-align: center;\"><span style=\"font-size: 14pt;\"><b>Fotografisanje iz vazduha sa letjelicom<\/b><br \/>\n<\/span><span style=\"font-size: 14pt;\"><br \/>\nCjelodnevno fotografisanje kompletne proslave<br \/>\nDolazak gostiju, cijeli program sa svim prate\u0107im izvo\u0111a\u010dima<\/span><br \/>\n<span style=\"font-size: 14pt;\"><strong>Od 500 do 1000<\/strong>\u00a0fotografija<br \/>\n<strong>x2 DVD-a<\/strong> sa svim fotografijama<br \/>\nObrada i sre\u0111ivanje svih fotografija<br \/>\nSve ih dobijate u boji i bw (black&amp;white)<\/span><span style=\"font-size: 14pt;\"><br \/>\n<\/span><\/p>\n<p style=\"text-align: center;\"><strong><span style=\"font-size: 18pt; color: #666699;\">CIJENA:<\/span><\/strong><br \/>\n<span style=\"font-size: 18pt; color: #808080;\">700,00 \u20ac<br \/>\n<\/span><\/p>\n<\/div><\/div><style type=\"text\/css\">.fusion-body .fusion-builder-column-0{width:50% !important;margin-top : 20px;margin-bottom : 1px;}.fusion-builder-column-0 > .fusion-column-wrapper {padding-top : 0px !important;padding-right : 0px !important;margin-right : 3.84%;padding-bottom : 0px !important;padding-left : 0px !important;margin-left : 3.84%;}@media only screen and (max-width:1024px) {.fusion-body .fusion-builder-column-0{width:50% !important;}.fusion-builder-column-0 > .fusion-column-wrapper {margin-right : 3.84%;margin-left : 3.84%;}}@media only screen and (max-width:410px) {.fusion-body .fusion-builder-column-0{width:100% !important;}.fusion-builder-column-0 > .fusion-column-wrapper {margin-right : 1.92%;margin-left : 1.92%;}}<\/style><\/div><div class=\"fusion-layout-column fusion_builder_column fusion-builder-column-1 fusion_builder_column_1_2 1_2 fusion-flex-column\"><div class=\"fusion-column-wrapper fusion-flex-justify-content-flex-start fusion-content-layout-column\" style=\"background-position:left top;background-repeat:no-repeat;-webkit-background-size:cover;-moz-background-size:cover;-o-background-size:cover;background-size:cover;padding: 0px 0px 0px 0px;\"><div class=\"fusion-text fusion-text-2\"><h1 style=\"text-align: center;\"><span style=\"color: #666699; font-size: 24pt;\">PAKET <em>M<\/em><\/span><\/h1>\n<p style=\"text-align: center;\"><span style=\"font-size: 14pt;\">Fotografisanje u \u010detvrtak i petak.<strong><br \/>\n<\/strong><br \/>\n<span style=\"font-size: 18pt;\">Vremenski period:<\/span><strong><br \/>\n<\/strong><\/span><\/p>\n<p style=\"text-align: center;\"><span style=\"font-size: 14pt;\"><strong>\u010cetvrtak: Od 17:30h do 00:00h<br \/>\nPetak: Od 11:30h do 16:30h<\/strong><\/span><\/p>\n<h3 style=\"text-align: center;\"><span style=\"color: #666699;\"><span style=\"font-size: 24pt;\">PAKET SADR\u017dI:<\/span><br \/>\n<\/span><\/h3>\n<p style=\"text-align: center;\"><span style=\"font-size: 14pt;\"><del><strong>Dva fotografa<br \/>\n<\/strong>Jedan prati program i prezentaciju<\/del><br \/>\n<del>Drugi prati ljude, momente, detalje<\/del><\/span><\/p>\n<p style=\"text-align: center;\"><span style=\"font-size: 14pt;\"><del><b>Fotografisanje iz vazduha sa letjelicom<\/b><\/del><br \/>\n<\/span><span style=\"font-size: 14pt;\"><br \/>\nCjelodnevno fotografisanje kompletne proslave<br \/>\nDolazak gostiju, cijeli program sa svim prate\u0107im izvo\u0111a\u010dima<\/span><br \/>\n<span style=\"font-size: 14pt;\"><strong>Od 400 do 600<\/strong>\u00a0fotografija<br \/>\n<strong>x2 DVD-a<\/strong> sa svim fotografijama<br \/>\nObrada i sre\u0111ivanje svih fotografija<br \/>\nSve ih dobijate u boji i bw (black&amp;white)<\/span><span style=\"font-size: 14pt;\"><br \/>\n<\/span><\/p>\n<p style=\"text-align: center;\"><strong><span style=\"font-size: 18pt; color: #666699;\">CIJENA:<\/span><\/strong><br \/>\n<span style=\"font-size: 18pt; color: #808080;\">500,00 \u20ac<\/span><\/p>\n<\/div><\/div><style type=\"text\/css\">.fusion-body .fusion-builder-column-1{width:50% !important;margin-top : 20px;margin-bottom : 1px;}.fusion-builder-column-1 > .fusion-column-wrapper {padding-top : 0px !important;padding-right : 0px !important;margin-right : 3.84%;padding-bottom : 0px !important;padding-left : 0px !important;margin-left : 3.84%;}@media only screen and (max-width:1024px) {.fusion-body .fusion-builder-column-1{width:50% !important;}.fusion-builder-column-1 > .fusion-column-wrapper {margin-right : 3.84%;margin-left : 3.84%;}}@media only screen and (max-width:410px) {.fusion-body .fusion-builder-column-1{width:100% !important;}.fusion-builder-column-1 > .fusion-column-wrapper {margin-right : 1.92%;margin-left : 1.92%;}}<\/style><\/div><\/div><style type=\"text\/css\">.fusion-fullwidth.fusion-builder-row-1 { overflow:visible; }.fusion-body .fusion-flex-container.fusion-builder-row-1{ padding-top : 0px;margin-top : 0px;padding-right : 0px;padding-bottom : 0px;margin-bottom : 0px;padding-left : 0px;}<\/style><\/div><div class=\"fusion-fullwidth fullwidth-box fusion-builder-row-2 fusion-flex-container nonhundred-percent-fullwidth non-hundred-percent-height-scrolling\" style=\"background-color: #ffffff;background-position: left top;background-repeat: no-repeat;border-width: 0px 0px 0px 0px;border-color:#eae9e9;border-style:solid;\" ><div class=\"fusion-builder-row fusion-row fusion-flex-align-items-flex-start\" style=\"max-width:calc( 1100px + 0px );margin-left: calc(-0px \/ 2 );margin-right: calc(-0px \/ 2 );\"><div class=\"fusion-layout-column fusion_builder_column fusion-builder-column-2 fusion_builder_column_1_1 1_1 fusion-flex-column fusion-flex-align-self-flex-start fusion-column-no-min-height\"><div class=\"fusion-column-wrapper fusion-flex-justify-content-flex-start fusion-content-layout-column\" style=\"background-position:left top;background-repeat:no-repeat;-webkit-background-size:cover;-moz-background-size:cover;-o-background-size:cover;background-size:cover;padding: 0px 0px 0px 0px;\"><div class=\"fusion-text fusion-text-3\"><h3 style=\"text-align: center;\"><span style=\"color: #666699; font-size: 24pt;\">DODATNE INFORMACIJE:<\/span><\/h3>\n<p style=\"text-align: center;\"><span style=\"font-size: 14pt;\">Neograni\u010den broj fotografija u toku fotografisanja.<\/span><br \/>\n<span style=\"font-size: 14pt;\">Sve napravljene fotografije se dodatno sre\u0111juju.<\/span><\/p>\n<p style=\"text-align: center;\"><span style=\"font-size: 14pt;\">Fotografije su sortirane po imenu i broju.<br \/>\nSelektovane po folderima u velikim i malim dimenzijama<br \/>\n<em>(Dobijate ih i preko: Wetransfer ili Sendspace).<\/em><br \/>\nDobijate ih u punoj rezoluciji i na njima ne postoji za\u0161tita u vidu logotipa.<br \/>\nMo\u017eete ih izra\u0111ivati u bilo kojem studiju, u bilo kojem formatu.<\/span><\/p>\n<p style=\"text-align: center;\"><span style=\"font-size: 14pt;\">Obrada fotografija zna\u010di:<\/span><br \/>\n<span style=\"font-size: 14pt;\"> Korekcija boje, tonova, kontrasta&#8230;<br \/>\n<\/span><\/p>\n<p style=\"text-align: center;\"><span style=\"font-size: 14pt;\">Rok za zavr\u0161avanje fotografija 7-10 dana<\/span><\/p>\n<p style=\"text-align: center;\"><span style=\"font-size: 14pt;\">Fotografije sa letjelicom:<a href=\"http:\/\/leonbijelic.com\/uncategorized\/fotografije-sa-letjelicom\/\"> <strong>OVDJE<\/strong><\/a><\/span><\/p>\n<p style=\"text-align: center;\"><span style=\"font-size: 14pt;\">BOOKS:\u00a0<\/span><span style=\"font-size: 14pt;\"><a href=\"http:\/\/leonbijelic.com\/book\/\" target=\"_blank\"><strong>OVDJE<\/strong><\/a><\/span><\/p>\n<\/div><\/div><style type=\"text\/css\">.fusion-body .fusion-builder-column-2{width:100% !important;margin-top : 0px;margin-bottom : 0px;}.fusion-builder-column-2 > .fusion-column-wrapper {padding-top : 0px !important;padding-right : 0px !important;margin-right : 0px;padding-bottom : 0px !important;padding-left : 0px !important;margin-left : 0px;}@media only screen and (max-width:1024px) {.fusion-body .fusion-builder-column-2{width:100% !important;}.fusion-builder-column-2 > .fusion-column-wrapper {margin-right : 0px;margin-left : 0px;}}@media only screen and (max-width:410px) {.fusion-body .fusion-builder-column-2{width:100% !important;}.fusion-builder-column-2 > .fusion-column-wrapper {margin-right : 0px;margin-left : 0px;}}<\/style><\/div><\/div><style type=\"text\/css\">.fusion-body .fusion-flex-container.fusion-builder-row-2{ padding-top : 0px;margin-top : 0px;padding-right : 0px;padding-bottom : 0px;margin-bottom : 0px;padding-left : 0px;}<\/style><\/div><\/p>\n<div class=\"fcbkbttn_buttons_block\" id=\"fcbkbttn_middle\"><div class=\"fcbkbttn_like \"><fb:like href=\"https:\/\/leonbijelic.com\/en\/bentoproduct-d-o-o-paketi-za-fotografisanje-proslave\/\" action=\"like\" colorscheme=\"light\" layout=\"box_count\"  size=\"small\"><\/fb:like><\/div><\/div>","protected":false},"excerpt":{"rendered":"","protected":false},"author":3,"featured_media":0,"parent":0,"menu_order":0,"comment_status":"closed","ping_status":"closed","template":"","meta":{"footnotes":""},"class_list":["post-4047","page","type-page","status-publish","hentry"],"translation":{"provider":"WPGlobus","version":"3.0.0","language":"en","enabled_languages":["sr","en","de"],"languages":{"sr":{"title":true,"content":true,"excerpt":false},"en":{"title":false,"content":false,"excerpt":false},"de":{"title":false,"content":false,"excerpt":false}}},"yoast_head":"<!-- This site is optimized with the Yoast SEO plugin v24.8.1 - https:\/\/yoast.com\/wordpress\/plugins\/seo\/ -->\n<title>Leon Bijelic Photographer, Entrepreneur and Writer<\/title>\n<meta name=\"robots\" content=\"index, follow, max-snippet:-1, max-image-preview:large, max-video-preview:-1\" \/>\n<link rel=\"canonical\" href=\"https:\/\/leonbijelic.com\/de\/bentoproduct-d-o-o-paketi-za-fotografisanje-proslave\/\" \/>\n<meta property=\"og:locale\" content=\"en_US\" \/>\n<meta property=\"og:type\" content=\"article\" \/>\n<meta property=\"og:title\" content=\"Leon Bijelic Photographer, Entrepreneur and Writer\" \/>\n<meta property=\"og:url\" content=\"https:\/\/leonbijelic.com\/de\/bentoproduct-d-o-o-paketi-za-fotografisanje-proslave\/\" \/>\n<meta property=\"og:site_name\" content=\"Leon Bijelic - Food, Portrait &amp; Architecture photography\" \/>\n<meta property=\"article:publisher\" content=\"https:\/\/www.facebook.com\/leonbijelicphotography\/\" \/>\n<meta property=\"article:modified_time\" content=\"2016-11-18T13:35:00+00:00\" \/>\n<meta name=\"twitter:card\" content=\"summary_large_image\" \/>\n<meta name=\"twitter:site\" content=\"@LeonBijelic\" \/>\n<meta name=\"twitter:label1\" content=\"Est. reading time\" \/>\n\t<meta name=\"twitter:data1\" content=\"3 minutes\" \/>\n<script type=\"application\/ld+json\" class=\"yoast-schema-graph\">{\"@context\":\"https:\/\/schema.org\",\"@graph\":[{\"@type\":\"WebPage\",\"@id\":\"https:\/\/leonbijelic.com\/de\/bentoproduct-d-o-o-paketi-za-fotografisanje-proslave\/\",\"url\":\"https:\/\/leonbijelic.com\/de\/bentoproduct-d-o-o-paketi-za-fotografisanje-proslave\/\",\"name\":\"Leon Bijelic Photographer, Entrepreneur and Writer\",\"isPartOf\":{\"@id\":\"https:\/\/leonbijelic.com\/#website\"},\"datePublished\":\"2016-09-05T16:15:20+00:00\",\"dateModified\":\"2016-11-18T13:35:00+00:00\",\"description\":\"As a content creator and a professional photographer I\u2019m traveling through the world and working on a various projects for many different companies. I enjoy doing portraits and photos through interesting travels, small private weddings, events, lectures and seminars.\",\"breadcrumb\":{\"@id\":\"https:\/\/leonbijelic.com\/de\/bentoproduct-d-o-o-paketi-za-fotografisanje-proslave\/#breadcrumb\"},\"inLanguage\":\"en-US\",\"potentialAction\":[{\"@type\":\"ReadAction\",\"target\":[\"https:\/\/leonbijelic.com\/de\/bentoproduct-d-o-o-paketi-za-fotografisanje-proslave\/\"]}]},{\"@type\":\"BreadcrumbList\",\"@id\":\"https:\/\/leonbijelic.com\/de\/bentoproduct-d-o-o-paketi-za-fotografisanje-proslave\/#breadcrumb\",\"itemListElement\":[{\"@type\":\"ListItem\",\"position\":1,\"name\":\"Home\",\"item\":\"https:\/\/leonbijelic.com\/\"},{\"@type\":\"ListItem\",\"position\":2,\"name\":\"Bentoproduct d.o.o &#8211; Paketi za fotografisanje proslave\"}]},{\"@type\":\"WebSite\",\"@id\":\"https:\/\/leonbijelic.com\/#website\",\"url\":\"https:\/\/leonbijelic.com\/\",\"name\":\"Leon Bijelic\",\"description\":\"Leon Bijelic - Food, Portrait &amp; Architecture photography\",\"potentialAction\":[{\"@type\":\"SearchAction\",\"target\":{\"@type\":\"EntryPoint\",\"urlTemplate\":\"https:\/\/leonbijelic.com\/?s={search_term_string}\"},\"query-input\":{\"@type\":\"PropertyValueSpecification\",\"valueRequired\":true,\"valueName\":\"search_term_string\"}}],\"inLanguage\":\"en-US\"}]}<\/script>\n<!-- \/ Yoast SEO plugin. -->","yoast_head_json":{"title":"Leon Bijelic Photographer, Entrepreneur and Writer","robots":{"index":"index","follow":"follow","max-snippet":"max-snippet:-1","max-image-preview":"max-image-preview:large","max-video-preview":"max-video-preview:-1"},"canonical":"https:\/\/leonbijelic.com\/de\/bentoproduct-d-o-o-paketi-za-fotografisanje-proslave\/","og_locale":"en_US","og_type":"article","og_title":"Leon Bijelic Photographer, Entrepreneur and Writer","og_url":"https:\/\/leonbijelic.com\/de\/bentoproduct-d-o-o-paketi-za-fotografisanje-proslave\/","og_site_name":"Leon Bijelic - Food, Portrait &amp; Architecture photography","article_publisher":"https:\/\/www.facebook.com\/leonbijelicphotography\/","article_modified_time":"2016-11-18T13:35:00+00:00","twitter_card":"summary_large_image","twitter_site":"@LeonBijelic","twitter_misc":{"Est. reading time":"3 minutes"},"schema":{"@context":"https:\/\/schema.org","@graph":[{"@type":"WebPage","@id":"https:\/\/leonbijelic.com\/de\/bentoproduct-d-o-o-paketi-za-fotografisanje-proslave\/","url":"https:\/\/leonbijelic.com\/de\/bentoproduct-d-o-o-paketi-za-fotografisanje-proslave\/","name":"Leon Bijelic Photographer, Entrepreneur and Writer","isPartOf":{"@id":"https:\/\/leonbijelic.com\/#website"},"datePublished":"2016-09-05T16:15:20+00:00","dateModified":"2016-11-18T13:35:00+00:00","description":"As a content creator and a professional photographer I\u2019m traveling through the world and working on a various projects for many different companies. I enjoy doing portraits and photos through interesting travels, small private weddings, events, lectures and seminars.","breadcrumb":{"@id":"https:\/\/leonbijelic.com\/de\/bentoproduct-d-o-o-paketi-za-fotografisanje-proslave\/#breadcrumb"},"inLanguage":"en-US","potentialAction":[{"@type":"ReadAction","target":["https:\/\/leonbijelic.com\/de\/bentoproduct-d-o-o-paketi-za-fotografisanje-proslave\/"]}]},{"@type":"BreadcrumbList","@id":"https:\/\/leonbijelic.com\/de\/bentoproduct-d-o-o-paketi-za-fotografisanje-proslave\/#breadcrumb","itemListElement":[{"@type":"ListItem","position":1,"name":"Home","item":"https:\/\/leonbijelic.com\/"},{"@type":"ListItem","position":2,"name":"Bentoproduct d.o.o &#8211; Paketi za fotografisanje proslave"}]},{"@type":"WebSite","@id":"https:\/\/leonbijelic.com\/#website","url":"https:\/\/leonbijelic.com\/","name":"Leon Bijelic","description":"Leon Bijelic - Food, Portrait &amp; Architecture photography","potentialAction":[{"@type":"SearchAction","target":{"@type":"EntryPoint","urlTemplate":"https:\/\/leonbijelic.com\/?s={search_term_string}"},"query-input":{"@type":"PropertyValueSpecification","valueRequired":true,"valueName":"search_term_string"}}],"inLanguage":"en-US"}]}},"_links":{"self":[{"href":"https:\/\/leonbijelic.com\/en\/wp-json\/wp\/v2\/pages\/4047","targetHints":{"allow":["GET"]}}],"collection":[{"href":"https:\/\/leonbijelic.com\/en\/wp-json\/wp\/v2\/pages"}],"about":[{"href":"https:\/\/leonbijelic.com\/en\/wp-json\/wp\/v2\/types\/page"}],"author":[{"embeddable":true,"href":"https:\/\/leonbijelic.com\/en\/wp-json\/wp\/v2\/users\/3"}],"replies":[{"embeddable":true,"href":"https:\/\/leonbijelic.com\/en\/wp-json\/wp\/v2\/comments?post=4047"}],"version-history":[{"count":0,"href":"https:\/\/leonbijelic.com\/en\/wp-json\/wp\/v2\/pages\/4047\/revisions"}],"wp:attachment":[{"href":"https:\/\/leonbijelic.com\/en\/wp-json\/wp\/v2\/media?parent=4047"}],"curies":[{"name":"wp","href":"https:\/\/api.w.org\/{rel}","templated":true}]}}