{"id":13441,"date":"2017-08-24T19:45:00","date_gmt":"2017-08-24T19:45:00","guid":{"rendered":"http:\/\/leonbijelic.com\/?page_id=13441"},"modified":"2017-08-24T19:45:51","modified_gmt":"2017-08-24T19:45:51","slug":"lorenzo-kakalamba-restoran-beograd","status":"publish","type":"page","link":"https:\/\/leonbijelic.com\/en\/lorenzo-kakalamba-restoran-beograd\/","title":{"rendered":"LORENZO &#038; KAKALAMBA &#8211; Restoran, Beograd"},"content":{"rendered":"<p style=\"text-align: center;\"><span style=\"font-size: 14pt; color: #000000;\"><strong>LORENZO &amp; KAKALAMBA &#8211; Restoran, Beograd<\/strong><\/span><\/p>\n<p style=\"text-align: center;\"><span style=\"color: #000000;\">Ideje za snimanje (cinemagraphs) i fotografisanje<\/span><\/p>\n<p style=\"text-align: center;\"><span style=\"color: #000000;\">CINEMAGRAPHS\u00a0<\/span><\/p>\n<p style=\"text-align: center;\"><span style=\"color: #000000;\">Snimiti neke ljude ili auta u prolazu, sa kadrom na restoran<\/span><\/p>\n<p><span style=\"color: #000000;\"><img fetchpriority=\"high\" decoding=\"async\" class=\"aligncenter size-full wp-image-13442\" src=\"http:\/\/leonbijelic.com\/wp-content\/uploads\/2017\/08\/5658551241_8852d44b38_o.gif\" alt=\"\" width=\"615\" height=\"346\" \/><\/span><\/p>\n<p style=\"text-align: center;\"><span style=\"color: #000000;\">Snimiti nekog konobara sa nekom va\u0161om maskom kako mije\u0161a kafu (primjer 1), ili kako sipa ne\u0161to (primjer 2) a u pozadini su ostali koji su svi zale\u0111eni (neko je sko\u010dio sa stola, stolice, neko je u padu, nekome ispada kao tanjir, \u010da\u0161a&#8230; itd)<\/span><\/p>\n<p style=\"text-align: center;\"><span style=\"color: #000000;\">PRIMJER 1<\/span><\/p>\n<p><span style=\"color: #000000;\"><img decoding=\"async\" class=\"aligncenter size-full wp-image-13443\" src=\"http:\/\/leonbijelic.com\/wp-content\/uploads\/2017\/08\/megancoffeeblog.gif\" alt=\"\" width=\"680\" height=\"383\" \/><\/span><\/p>\n<p style=\"text-align: center;\"><span style=\"color: #000000;\">PRIMJER 2<\/span><\/p>\n<p><span style=\"color: #000000;\"><img decoding=\"async\" class=\"aligncenter size-full wp-image-13445\" src=\"http:\/\/leonbijelic.com\/wp-content\/uploads\/2017\/08\/5698564979_1686a328ef_o_thumb.gif\" alt=\"\" width=\"700\" height=\"480\" \/><\/span><\/p>\n<p style=\"text-align: center;\"><span style=\"color: #000000;\">Snimiti neki detalj iz restorana koji se kre\u0107e, pomjera, svjetli..<\/span><\/p>\n<p style=\"text-align: center;\"><span style=\"color: #000000;\">Ostali primjeri &#8211; Cinemagraphs<\/span><\/p>\n<p><span style=\"color: #000000;\"><img loading=\"lazy\" decoding=\"async\" class=\"aligncenter size-full wp-image-13444\" src=\"http:\/\/leonbijelic.com\/wp-content\/uploads\/2017\/08\/hotdog615_thumb.gif\" alt=\"\" width=\"615\" height=\"336\" \/><\/span><\/p>\n<p><span style=\"color: #000000;\"><img loading=\"lazy\" decoding=\"async\" class=\"aligncenter size-full wp-image-13447\" src=\"http:\/\/leonbijelic.com\/wp-content\/uploads\/2017\/08\/AnimatedPhotos34_thumb.gif\" alt=\"\" width=\"500\" height=\"279\" \/><\/span><\/p>\n<p><span style=\"color: #000000;\"><img loading=\"lazy\" decoding=\"async\" class=\"aligncenter size-full wp-image-13456\" src=\"http:\/\/leonbijelic.com\/wp-content\/uploads\/2017\/08\/cinematographygifs17_thumb.gif\" alt=\"\" width=\"500\" height=\"300\" \/><\/span><\/p>\n<p><span style=\"color: #000000;\"><img loading=\"lazy\" decoding=\"async\" class=\"aligncenter size-full wp-image-13457\" src=\"http:\/\/leonbijelic.com\/wp-content\/uploads\/2017\/08\/cinemagraph-gifs-christmas.gif\" alt=\"\" width=\"640\" height=\"272\" \/><\/span><\/p>\n<p><span style=\"color: #000000;\"><img loading=\"lazy\" decoding=\"async\" class=\"aligncenter size-full wp-image-13458\" src=\"http:\/\/leonbijelic.com\/wp-content\/uploads\/2017\/08\/champagne-overflow.gif\" alt=\"\" width=\"500\" height=\"625\" \/><\/span><\/p>\n<p><span style=\"color: #000000;\"> <img loading=\"lazy\" decoding=\"async\" class=\"aligncenter size-full wp-image-13459\" src=\"http:\/\/leonbijelic.com\/wp-content\/uploads\/2017\/08\/Ecco-Domani-Summer-Cinemagraph-980px.gif\" alt=\"\" width=\"980\" height=\"517\" \/><\/span><\/p>\n<p style=\"text-align: center;\"><span style=\"color: #000000;\">PHOTOGRAPHY<\/span><\/p>\n<p style=\"text-align: center;\"><span style=\"color: #000000;\">Ne znam koliko je izvodljivo na\u0107i kostim, masku i ovako ne\u0161to sli\u010dno, obu\u0107i nekog od konobara ili nekog drugog i uraditi par fotografija takvih u restoranu. Uz recimo neki opis za promociju: &#8220;Na\u0161e ljubazno osoblje.&#8221;<\/span><\/p>\n<p><span style=\"color: #000000;\"><img loading=\"lazy\" decoding=\"async\" class=\"aligncenter wp-image-13448 size-full\" src=\"http:\/\/leonbijelic.com\/wp-content\/uploads\/2017\/08\/65f5b16adc72a9fc70a0f00449e77401.jpg\" alt=\"\" width=\"564\" height=\"849\" srcset=\"https:\/\/leonbijelic.com\/wp-content\/uploads\/2017\/08\/65f5b16adc72a9fc70a0f00449e77401-120x181.jpg 120w, https:\/\/leonbijelic.com\/wp-content\/uploads\/2017\/08\/65f5b16adc72a9fc70a0f00449e77401-199x300.jpg 199w, https:\/\/leonbijelic.com\/wp-content\/uploads\/2017\/08\/65f5b16adc72a9fc70a0f00449e77401-200x301.jpg 200w, https:\/\/leonbijelic.com\/wp-content\/uploads\/2017\/08\/65f5b16adc72a9fc70a0f00449e77401-400x602.jpg 400w, https:\/\/leonbijelic.com\/wp-content\/uploads\/2017\/08\/65f5b16adc72a9fc70a0f00449e77401-500x753.jpg 500w, https:\/\/leonbijelic.com\/wp-content\/uploads\/2017\/08\/65f5b16adc72a9fc70a0f00449e77401.jpg 564w\" sizes=\"(max-width: 564px) 100vw, 564px\" \/><\/span><\/p>\n<p style=\"text-align: center;\"><span style=\"color: #000000;\">Ili prona\u0107i odjelo faraona za mu\u0161karca i \u017eenu (ili samo za jedno)&#8230;<\/span><\/p>\n\n\t\t<style type=\"text\/css\">\n\t\t\t#gallery-1 {\n\t\t\t\tmargin: auto;\n\t\t\t}\n\t\t\t#gallery-1 .gallery-item {\n\t\t\t\tfloat: left;\n\t\t\t\tmargin-top: 10px;\n\t\t\t\ttext-align: center;\n\t\t\t\twidth: 33%;\n\t\t\t}\n\t\t\t#gallery-1 img {\n\t\t\t\tborder: 2px solid #cfcfcf;\n\t\t\t}\n\t\t\t#gallery-1 .gallery-caption {\n\t\t\t\tmargin-left: 0;\n\t\t\t}\n\t\t\t\/* see gallery_shortcode() in wp-includes\/media.php *\/\n\t\t<\/style>\n\t\t<div id='gallery-1' class='gallery galleryid-13441 gallery-columns-3 gallery-size-medium'><dl class='gallery-item'>\n\t\t\t<dt class='gallery-icon portrait'>\n\t\t\t\t<a data-rel=\"iLightbox[postimages]\" data-title=\"64e78095700114b6bc2a043e6555e3de\" data-caption=\"\" href='https:\/\/leonbijelic.com\/wp-content\/uploads\/2017\/08\/64e78095700114b6bc2a043e6555e3de.jpg'><img loading=\"lazy\" decoding=\"async\" width=\"232\" height=\"300\" src=\"https:\/\/leonbijelic.com\/wp-content\/uploads\/2017\/08\/64e78095700114b6bc2a043e6555e3de-232x300.jpg\" class=\"attachment-medium size-medium\" alt=\"\" srcset=\"https:\/\/leonbijelic.com\/wp-content\/uploads\/2017\/08\/64e78095700114b6bc2a043e6555e3de-120x155.jpg 120w, https:\/\/leonbijelic.com\/wp-content\/uploads\/2017\/08\/64e78095700114b6bc2a043e6555e3de-200x259.jpg 200w, https:\/\/leonbijelic.com\/wp-content\/uploads\/2017\/08\/64e78095700114b6bc2a043e6555e3de-232x300.jpg 232w, https:\/\/leonbijelic.com\/wp-content\/uploads\/2017\/08\/64e78095700114b6bc2a043e6555e3de-400x518.jpg 400w, https:\/\/leonbijelic.com\/wp-content\/uploads\/2017\/08\/64e78095700114b6bc2a043e6555e3de-500x647.jpg 500w, https:\/\/leonbijelic.com\/wp-content\/uploads\/2017\/08\/64e78095700114b6bc2a043e6555e3de.jpg 564w\" sizes=\"(max-width: 232px) 100vw, 232px\" \/><\/a>\n\t\t\t<\/dt><\/dl><dl class='gallery-item'>\n\t\t\t<dt class='gallery-icon portrait'>\n\t\t\t\t<a data-rel=\"iLightbox[postimages]\" data-title=\"91a394377b278395196fbf42fa4c1e78\" data-caption=\"\" href='https:\/\/leonbijelic.com\/wp-content\/uploads\/2017\/08\/91a394377b278395196fbf42fa4c1e78.jpg'><img loading=\"lazy\" decoding=\"async\" width=\"188\" height=\"300\" src=\"https:\/\/leonbijelic.com\/wp-content\/uploads\/2017\/08\/91a394377b278395196fbf42fa4c1e78-188x300.jpg\" class=\"attachment-medium size-medium\" alt=\"\" srcset=\"https:\/\/leonbijelic.com\/wp-content\/uploads\/2017\/08\/91a394377b278395196fbf42fa4c1e78-120x191.jpg 120w, https:\/\/leonbijelic.com\/wp-content\/uploads\/2017\/08\/91a394377b278395196fbf42fa4c1e78-188x300.jpg 188w, https:\/\/leonbijelic.com\/wp-content\/uploads\/2017\/08\/91a394377b278395196fbf42fa4c1e78-200x318.jpg 200w, https:\/\/leonbijelic.com\/wp-content\/uploads\/2017\/08\/91a394377b278395196fbf42fa4c1e78-400x637.jpg 400w, https:\/\/leonbijelic.com\/wp-content\/uploads\/2017\/08\/91a394377b278395196fbf42fa4c1e78.jpg 448w\" sizes=\"(max-width: 188px) 100vw, 188px\" \/><\/a>\n\t\t\t<\/dt><\/dl><dl class='gallery-item'>\n\t\t\t<dt class='gallery-icon portrait'>\n\t\t\t\t<a data-rel=\"iLightbox[postimages]\" data-title=\"\" data-caption=\"\" href='https:\/\/leonbijelic.com\/wp-content\/uploads\/2017\/08\/d621121dc50c9a7e0b1bf4035c4cfc9d.jpg'><img loading=\"lazy\" decoding=\"async\" width=\"200\" height=\"300\" src=\"https:\/\/leonbijelic.com\/wp-content\/uploads\/2017\/08\/d621121dc50c9a7e0b1bf4035c4cfc9d-200x300.jpg\" class=\"attachment-medium size-medium\" alt=\"\" srcset=\"https:\/\/leonbijelic.com\/wp-content\/uploads\/2017\/08\/d621121dc50c9a7e0b1bf4035c4cfc9d-120x180.jpg 120w, https:\/\/leonbijelic.com\/wp-content\/uploads\/2017\/08\/d621121dc50c9a7e0b1bf4035c4cfc9d-200x300.jpg 200w, https:\/\/leonbijelic.com\/wp-content\/uploads\/2017\/08\/d621121dc50c9a7e0b1bf4035c4cfc9d-400x600.jpg 400w, https:\/\/leonbijelic.com\/wp-content\/uploads\/2017\/08\/d621121dc50c9a7e0b1bf4035c4cfc9d.jpg 467w\" sizes=\"(max-width: 200px) 100vw, 200px\" \/><\/a>\n\t\t\t<\/dt><\/dl><br style=\"clear: both\" \/>\n\t\t<\/div>\n\n<p style=\"text-align: center;\"><span style=\"color: #000000;\">Ili prona\u0107i odjelo faraona, ali za nekog klinca (primjer 1) koji bi zapravo glumio kralja. Ili za kompletnu porodicu (primjer 2) Samo da se uradi neka mo\u0107na \u0161minka ili \u010dak bodypainting. Pa da ga smjestimo u neku fotelju, a oko njega poredati sve konobare, i kako njih 7 slu\u017ei gospodina kralja (klinca). A ispred njega je ogroman stol sa hranom, pi\u0107em za 20 ljudi, ali prikazati da je sve on naru\u010dio&#8230; Uz opis: Kraljevski doru\u010dak<\/span><\/p>\n<p style=\"text-align: center;\"><span style=\"color: #000000;\">PRIMJER 1<\/span><\/p>\n<p><span style=\"color: #000000;\"><img loading=\"lazy\" decoding=\"async\" class=\"aligncenter size-full wp-image-13453\" src=\"http:\/\/leonbijelic.com\/wp-content\/uploads\/2017\/08\/f132e7feee5b1580c2b0a796dcc9cf49.jpg\" alt=\"\" width=\"564\" height=\"848\" srcset=\"https:\/\/leonbijelic.com\/wp-content\/uploads\/2017\/08\/f132e7feee5b1580c2b0a796dcc9cf49-120x180.jpg 120w, https:\/\/leonbijelic.com\/wp-content\/uploads\/2017\/08\/f132e7feee5b1580c2b0a796dcc9cf49-200x301.jpg 200w, https:\/\/leonbijelic.com\/wp-content\/uploads\/2017\/08\/f132e7feee5b1580c2b0a796dcc9cf49-400x601.jpg 400w, https:\/\/leonbijelic.com\/wp-content\/uploads\/2017\/08\/f132e7feee5b1580c2b0a796dcc9cf49-500x752.jpg 500w, https:\/\/leonbijelic.com\/wp-content\/uploads\/2017\/08\/f132e7feee5b1580c2b0a796dcc9cf49.jpg 564w\" sizes=\"(max-width: 564px) 100vw, 564px\" \/><\/span><\/p>\n<p style=\"text-align: center;\"><span style=\"color: #000000;\">PRIMJER 2<\/span><\/p>\n<p><span style=\"color: #000000;\"><img loading=\"lazy\" decoding=\"async\" class=\"aligncenter size-full wp-image-13455\" src=\"http:\/\/leonbijelic.com\/wp-content\/uploads\/2017\/08\/8c3e75b2577689b5321fb5d8dfd9ca41.jpg\" alt=\"\" width=\"564\" height=\"451\" srcset=\"https:\/\/leonbijelic.com\/wp-content\/uploads\/2017\/08\/8c3e75b2577689b5321fb5d8dfd9ca41-120x96.jpg 120w, https:\/\/leonbijelic.com\/wp-content\/uploads\/2017\/08\/8c3e75b2577689b5321fb5d8dfd9ca41-177x142.jpg 177w, https:\/\/leonbijelic.com\/wp-content\/uploads\/2017\/08\/8c3e75b2577689b5321fb5d8dfd9ca41-200x160.jpg 200w, https:\/\/leonbijelic.com\/wp-content\/uploads\/2017\/08\/8c3e75b2577689b5321fb5d8dfd9ca41-300x240.jpg 300w, https:\/\/leonbijelic.com\/wp-content\/uploads\/2017\/08\/8c3e75b2577689b5321fb5d8dfd9ca41-400x320.jpg 400w, https:\/\/leonbijelic.com\/wp-content\/uploads\/2017\/08\/8c3e75b2577689b5321fb5d8dfd9ca41-500x400.jpg 500w, https:\/\/leonbijelic.com\/wp-content\/uploads\/2017\/08\/8c3e75b2577689b5321fb5d8dfd9ca41.jpg 564w\" sizes=\"(max-width: 564px) 100vw, 564px\" \/><\/span><\/p>\n<p style=\"text-align: center;\"><span style=\"color: #000000;\">Mogla bi biti zanimljiva fora da se uradi posebna \u0161tampa na \u010da\u0161i ili mo\u017eda naru\u010de preko ebay.. Pa da se uradi ovako ne\u0161to (ali probati sa gostima ovo uraditi &#8211; bez da znaju, tj. poku\u0161ati da ne provale da se to radi)<img loading=\"lazy\" decoding=\"async\" class=\"aligncenter size-full wp-image-13454\" src=\"http:\/\/leonbijelic.com\/wp-content\/uploads\/2017\/08\/be73a34e85ac521b4286944ac224e8c1.jpg\" alt=\"\" width=\"540\" height=\"3839\" srcset=\"https:\/\/leonbijelic.com\/wp-content\/uploads\/2017\/08\/be73a34e85ac521b4286944ac224e8c1-42x300.jpg 42w, https:\/\/leonbijelic.com\/wp-content\/uploads\/2017\/08\/be73a34e85ac521b4286944ac224e8c1-120x853.jpg 120w, https:\/\/leonbijelic.com\/wp-content\/uploads\/2017\/08\/be73a34e85ac521b4286944ac224e8c1-144x1024.jpg 144w, https:\/\/leonbijelic.com\/wp-content\/uploads\/2017\/08\/be73a34e85ac521b4286944ac224e8c1-200x1422.jpg 200w, https:\/\/leonbijelic.com\/wp-content\/uploads\/2017\/08\/be73a34e85ac521b4286944ac224e8c1-400x2844.jpg 400w, https:\/\/leonbijelic.com\/wp-content\/uploads\/2017\/08\/be73a34e85ac521b4286944ac224e8c1-500x3555.jpg 500w, https:\/\/leonbijelic.com\/wp-content\/uploads\/2017\/08\/be73a34e85ac521b4286944ac224e8c1.jpg 540w\" sizes=\"(max-width: 540px) 100vw, 540px\" \/><\/span><\/p>\n<div class=\"fcbkbttn_buttons_block\" id=\"fcbkbttn_middle\"><div class=\"fcbkbttn_like \"><fb:like href=\"https:\/\/leonbijelic.com\/en\/lorenzo-kakalamba-restoran-beograd\/\" action=\"like\" colorscheme=\"light\" layout=\"box_count\"  size=\"small\"><\/fb:like><\/div><\/div>","protected":false},"excerpt":{"rendered":"<p>LORENZO &amp; KAKALAMBA &#8211; Restoran, Beograd Ideje za snimanje (cinemagraphs) i fotografisanje CINEMAGRAPHS\u00a0 Snimiti neke ljude ili auta u prolazu, [&hellip;]<\/p>\n","protected":false},"author":3,"featured_media":0,"parent":0,"menu_order":0,"comment_status":"closed","ping_status":"closed","template":"","meta":{"footnotes":""},"class_list":["post-13441","page","type-page","status-publish","hentry"],"translation":{"provider":"WPGlobus","version":"3.0.0","language":"en","enabled_languages":["sr","en","de"],"languages":{"sr":{"title":true,"content":true,"excerpt":false},"en":{"title":false,"content":false,"excerpt":false},"de":{"title":false,"content":false,"excerpt":false}}},"yoast_head":"<!-- This site is optimized with the Yoast SEO plugin v24.8.1 - https:\/\/yoast.com\/wordpress\/plugins\/seo\/ -->\n<title>Leon Bijelic Photographer, Entrepreneur and Writer<\/title>\n<meta name=\"robots\" content=\"index, follow, max-snippet:-1, max-image-preview:large, max-video-preview:-1\" \/>\n<link rel=\"canonical\" href=\"https:\/\/leonbijelic.com\/lorenzo-kakalamba-restoran-beograd\/\" \/>\n<meta property=\"og:locale\" content=\"en_US\" \/>\n<meta property=\"og:type\" content=\"article\" \/>\n<meta property=\"og:title\" content=\"Leon Bijelic Photographer, Entrepreneur and Writer\" \/>\n<meta property=\"og:url\" content=\"https:\/\/leonbijelic.com\/lorenzo-kakalamba-restoran-beograd\/\" \/>\n<meta property=\"og:site_name\" content=\"Leon Bijelic - Food, Portrait &amp; Architecture photography\" \/>\n<meta property=\"article:publisher\" content=\"https:\/\/www.facebook.com\/leonbijelicphotography\/\" \/>\n<meta property=\"article:modified_time\" content=\"2017-08-24T19:45:51+00:00\" \/>\n<meta property=\"og:image\" content=\"https:\/\/leonbijelic.com\/wp-content\/uploads\/2017\/08\/64e78095700114b6bc2a043e6555e3de-232x300.jpg\" \/>\n<meta name=\"twitter:card\" content=\"summary_large_image\" \/>\n<meta name=\"twitter:site\" content=\"@LeonBijelic\" \/>\n<meta name=\"twitter:label1\" content=\"Est. reading time\" \/>\n\t<meta name=\"twitter:data1\" content=\"1 minute\" \/>\n<script type=\"application\/ld+json\" class=\"yoast-schema-graph\">{\"@context\":\"https:\/\/schema.org\",\"@graph\":[{\"@type\":\"WebPage\",\"@id\":\"https:\/\/leonbijelic.com\/lorenzo-kakalamba-restoran-beograd\/\",\"url\":\"https:\/\/leonbijelic.com\/lorenzo-kakalamba-restoran-beograd\/\",\"name\":\"Leon Bijelic Photographer, Entrepreneur and Writer\",\"isPartOf\":{\"@id\":\"https:\/\/leonbijelic.com\/#website\"},\"primaryImageOfPage\":{\"@id\":\"https:\/\/leonbijelic.com\/lorenzo-kakalamba-restoran-beograd\/#primaryimage\"},\"image\":{\"@id\":\"https:\/\/leonbijelic.com\/lorenzo-kakalamba-restoran-beograd\/#primaryimage\"},\"thumbnailUrl\":\"http:\/\/leonbijelic.com\/wp-content\/uploads\/2017\/08\/5658551241_8852d44b38_o.gif\",\"datePublished\":\"2017-08-24T19:45:00+00:00\",\"dateModified\":\"2017-08-24T19:45:51+00:00\",\"description\":\"As a content creator and a professional photographer I\u2019m traveling through the world and working on a various projects for many different companies. I enjoy doing portraits and photos through interesting travels, small private weddings, events, lectures and seminars.\",\"breadcrumb\":{\"@id\":\"https:\/\/leonbijelic.com\/lorenzo-kakalamba-restoran-beograd\/#breadcrumb\"},\"inLanguage\":\"en-US\",\"potentialAction\":[{\"@type\":\"ReadAction\",\"target\":[\"https:\/\/leonbijelic.com\/lorenzo-kakalamba-restoran-beograd\/\"]}]},{\"@type\":\"ImageObject\",\"inLanguage\":\"en-US\",\"@id\":\"https:\/\/leonbijelic.com\/lorenzo-kakalamba-restoran-beograd\/#primaryimage\",\"url\":\"http:\/\/leonbijelic.com\/wp-content\/uploads\/2017\/08\/5658551241_8852d44b38_o.gif\",\"contentUrl\":\"http:\/\/leonbijelic.com\/wp-content\/uploads\/2017\/08\/5658551241_8852d44b38_o.gif\"},{\"@type\":\"BreadcrumbList\",\"@id\":\"https:\/\/leonbijelic.com\/lorenzo-kakalamba-restoran-beograd\/#breadcrumb\",\"itemListElement\":[{\"@type\":\"ListItem\",\"position\":1,\"name\":\"Home\",\"item\":\"https:\/\/leonbijelic.com\/\"},{\"@type\":\"ListItem\",\"position\":2,\"name\":\"LORENZO &#038; KAKALAMBA &#8211; Restoran, Beograd\"}]},{\"@type\":\"WebSite\",\"@id\":\"https:\/\/leonbijelic.com\/#website\",\"url\":\"https:\/\/leonbijelic.com\/\",\"name\":\"Leon Bijelic\",\"description\":\"Leon Bijelic - Food, Portrait &amp; Architecture photography\",\"potentialAction\":[{\"@type\":\"SearchAction\",\"target\":{\"@type\":\"EntryPoint\",\"urlTemplate\":\"https:\/\/leonbijelic.com\/?s={search_term_string}\"},\"query-input\":{\"@type\":\"PropertyValueSpecification\",\"valueRequired\":true,\"valueName\":\"search_term_string\"}}],\"inLanguage\":\"en-US\"}]}<\/script>\n<!-- \/ Yoast SEO plugin. -->","yoast_head_json":{"title":"Leon Bijelic Photographer, Entrepreneur and Writer","robots":{"index":"index","follow":"follow","max-snippet":"max-snippet:-1","max-image-preview":"max-image-preview:large","max-video-preview":"max-video-preview:-1"},"canonical":"https:\/\/leonbijelic.com\/lorenzo-kakalamba-restoran-beograd\/","og_locale":"en_US","og_type":"article","og_title":"Leon Bijelic Photographer, Entrepreneur and Writer","og_url":"https:\/\/leonbijelic.com\/lorenzo-kakalamba-restoran-beograd\/","og_site_name":"Leon Bijelic - Food, Portrait &amp; Architecture photography","article_publisher":"https:\/\/www.facebook.com\/leonbijelicphotography\/","article_modified_time":"2017-08-24T19:45:51+00:00","og_image":[{"url":"https:\/\/leonbijelic.com\/wp-content\/uploads\/2017\/08\/64e78095700114b6bc2a043e6555e3de-232x300.jpg","type":"","width":"","height":""}],"twitter_card":"summary_large_image","twitter_site":"@LeonBijelic","twitter_misc":{"Est. reading time":"1 minute"},"schema":{"@context":"https:\/\/schema.org","@graph":[{"@type":"WebPage","@id":"https:\/\/leonbijelic.com\/lorenzo-kakalamba-restoran-beograd\/","url":"https:\/\/leonbijelic.com\/lorenzo-kakalamba-restoran-beograd\/","name":"Leon Bijelic Photographer, Entrepreneur and Writer","isPartOf":{"@id":"https:\/\/leonbijelic.com\/#website"},"primaryImageOfPage":{"@id":"https:\/\/leonbijelic.com\/lorenzo-kakalamba-restoran-beograd\/#primaryimage"},"image":{"@id":"https:\/\/leonbijelic.com\/lorenzo-kakalamba-restoran-beograd\/#primaryimage"},"thumbnailUrl":"http:\/\/leonbijelic.com\/wp-content\/uploads\/2017\/08\/5658551241_8852d44b38_o.gif","datePublished":"2017-08-24T19:45:00+00:00","dateModified":"2017-08-24T19:45:51+00:00","description":"As a content creator and a professional photographer I\u2019m traveling through the world and working on a various projects for many different companies. I enjoy doing portraits and photos through interesting travels, small private weddings, events, lectures and seminars.","breadcrumb":{"@id":"https:\/\/leonbijelic.com\/lorenzo-kakalamba-restoran-beograd\/#breadcrumb"},"inLanguage":"en-US","potentialAction":[{"@type":"ReadAction","target":["https:\/\/leonbijelic.com\/lorenzo-kakalamba-restoran-beograd\/"]}]},{"@type":"ImageObject","inLanguage":"en-US","@id":"https:\/\/leonbijelic.com\/lorenzo-kakalamba-restoran-beograd\/#primaryimage","url":"http:\/\/leonbijelic.com\/wp-content\/uploads\/2017\/08\/5658551241_8852d44b38_o.gif","contentUrl":"http:\/\/leonbijelic.com\/wp-content\/uploads\/2017\/08\/5658551241_8852d44b38_o.gif"},{"@type":"BreadcrumbList","@id":"https:\/\/leonbijelic.com\/lorenzo-kakalamba-restoran-beograd\/#breadcrumb","itemListElement":[{"@type":"ListItem","position":1,"name":"Home","item":"https:\/\/leonbijelic.com\/"},{"@type":"ListItem","position":2,"name":"LORENZO &#038; KAKALAMBA &#8211; Restoran, Beograd"}]},{"@type":"WebSite","@id":"https:\/\/leonbijelic.com\/#website","url":"https:\/\/leonbijelic.com\/","name":"Leon Bijelic","description":"Leon Bijelic - Food, Portrait &amp; Architecture photography","potentialAction":[{"@type":"SearchAction","target":{"@type":"EntryPoint","urlTemplate":"https:\/\/leonbijelic.com\/?s={search_term_string}"},"query-input":{"@type":"PropertyValueSpecification","valueRequired":true,"valueName":"search_term_string"}}],"inLanguage":"en-US"}]}},"_links":{"self":[{"href":"https:\/\/leonbijelic.com\/en\/wp-json\/wp\/v2\/pages\/13441","targetHints":{"allow":["GET"]}}],"collection":[{"href":"https:\/\/leonbijelic.com\/en\/wp-json\/wp\/v2\/pages"}],"about":[{"href":"https:\/\/leonbijelic.com\/en\/wp-json\/wp\/v2\/types\/page"}],"author":[{"embeddable":true,"href":"https:\/\/leonbijelic.com\/en\/wp-json\/wp\/v2\/users\/3"}],"replies":[{"embeddable":true,"href":"https:\/\/leonbijelic.com\/en\/wp-json\/wp\/v2\/comments?post=13441"}],"version-history":[{"count":0,"href":"https:\/\/leonbijelic.com\/en\/wp-json\/wp\/v2\/pages\/13441\/revisions"}],"wp:attachment":[{"href":"https:\/\/leonbijelic.com\/en\/wp-json\/wp\/v2\/media?parent=13441"}],"curies":[{"name":"wp","href":"https:\/\/api.w.org\/{rel}","templated":true}]}}