{"id":10483,"date":"2017-04-17T22:34:45","date_gmt":"2017-04-17T22:34:45","guid":{"rendered":"http:\/\/leonbijelic.com\/?page_id=10483"},"modified":"2017-04-25T16:46:32","modified_gmt":"2017-04-25T16:46:32","slug":"restaurant-la-madera","status":"publish","type":"page","link":"https:\/\/leonbijelic.com\/en\/restaurant-la-madera\/","title":{"rendered":"Restaurant \u201cLa Madera\u201c"},"content":{"rendered":"<p style=\"text-align: center;\"><span style=\"color: #666699; font-size: 18pt;\">Odr\u017eavanje FB stranice + kampanje<\/span><\/p>\n<p style=\"text-align: center;\"><span style=\"font-size: 14pt; color: #000000;\"><strong>_<\/strong><\/span><\/p>\n<p style=\"text-align: center;\"><span style=\"font-size: 14pt; color: #000000;\"><strong>Odr\u017eavanje\u00a0uklju\u010duje:<\/strong><\/span><br \/>\n<span style=\"font-size: 14pt; color: #000000;\">Ure\u0111ivanje i uno\u0161enje svih informacija<\/span><br \/>\n<span style=\"font-size: 14pt; color: #000000;\">Postavljanje fotografija (svaka 2-3 dana)<\/span><br \/>\n<span style=\"font-size: 14pt; color: #000000;\">Poseban dizajn za pojedine fotografije<\/span><br \/>\n<span style=\"font-size: 14pt; color: #000000;\">Druga\u010diji cover svakog mjeseca\u00a0(tematski)<\/span><br \/>\n<span style=\"font-size: 14pt; color: #000000;\">Djeljenje zanimljivog sadr\u017eaja (o hrani, receptima..)<\/span><\/p>\n<p style=\"text-align: center;\"><span style=\"font-size: 14pt; color: #000000;\"><strong>_<\/strong><\/span><\/p>\n<p style=\"text-align: center;\"><span style=\"font-size: 14pt; color: #000000;\"><strong>Kampanja\u00a0uklju\u010duje:<\/strong><\/span><br \/>\n<span style=\"font-size: 14pt; color: #000000;\">Ciljnu grupu ljudi (populaciju i starosnu dob)<\/span><br \/>\n<span style=\"font-size: 14pt; color: #000000;\">Ciljno podru\u010dije (regiju, grad ili dr\u017eavu)<\/span><br \/>\n<span style=\"font-size: 14pt; color: #000000;\">Kampanja je prilago\u0111ena za pc, lap-top, tablete i mobilne ure\u0111aje<\/span><br \/>\n<span style=\"font-size: 14pt; color: #000000;\">Dodatni vid promocije je i sa\u00a0instagram profila: @La Madera (ako imate)<\/span><br \/>\n<span style=\"font-size: 14pt; color: #000000;\">Poseban dizajn za odre\u0111ene kampanje<\/span><br \/>\n<span style=\"font-size: 14pt; color: #000000;\">Slideshow od nekoliko fotografija (do 10 sec)<\/span><\/p>\n<p style=\"text-align: center;\"><span style=\"font-size: 14pt; color: #000000;\"><strong>Promovisanje:<br \/>\n<\/strong>FB stranice<\/span><br \/>\n<span style=\"font-size: 14pt; color: #000000;\">Web stranice<\/span><br \/>\n<span style=\"font-size: 14pt; color: #000000;\">Objave<\/span><br \/>\n<span style=\"font-size: 14pt; color: #000000;\">Fotografije<\/span><\/p>\n<p style=\"text-align: center;\"><span style=\"font-size: 18pt; color: #666699;\">Primjer jedne kampanje &#8211; Motel Moskva<\/span><\/p>\n\n\t\t<style type=\"text\/css\">\n\t\t\t#gallery-1 {\n\t\t\t\tmargin: auto;\n\t\t\t}\n\t\t\t#gallery-1 .gallery-item {\n\t\t\t\tfloat: left;\n\t\t\t\tmargin-top: 10px;\n\t\t\t\ttext-align: center;\n\t\t\t\twidth: 100%;\n\t\t\t}\n\t\t\t#gallery-1 img {\n\t\t\t\tborder: 2px solid #cfcfcf;\n\t\t\t}\n\t\t\t#gallery-1 .gallery-caption {\n\t\t\t\tmargin-left: 0;\n\t\t\t}\n\t\t\t\/* see gallery_shortcode() in wp-includes\/media.php *\/\n\t\t<\/style>\n\t\t<div id='gallery-1' class='gallery galleryid-10483 gallery-columns-1 gallery-size-large'><dl class='gallery-item'>\n\t\t\t<dt class='gallery-icon landscape'>\n\t\t\t\t<a data-rel=\"iLightbox[postimages]\" data-title=\"Promocija-Klikovi\" data-caption=\"Akcija - Klikovi\" href='https:\/\/leonbijelic.com\/wp-content\/uploads\/2017\/04\/Promocija-Klikovi.jpg'><img fetchpriority=\"high\" decoding=\"async\" width=\"951\" height=\"712\" src=\"https:\/\/leonbijelic.com\/wp-content\/uploads\/2017\/04\/Promocija-Klikovi.jpg\" class=\"attachment-large size-large\" alt=\"\" aria-describedby=\"gallery-1-10487\" srcset=\"https:\/\/leonbijelic.com\/wp-content\/uploads\/2017\/04\/Promocija-Klikovi-200x150.jpg 200w, https:\/\/leonbijelic.com\/wp-content\/uploads\/2017\/04\/Promocija-Klikovi-300x225.jpg 300w, https:\/\/leonbijelic.com\/wp-content\/uploads\/2017\/04\/Promocija-Klikovi-400x299.jpg 400w, https:\/\/leonbijelic.com\/wp-content\/uploads\/2017\/04\/Promocija-Klikovi-600x449.jpg 600w, https:\/\/leonbijelic.com\/wp-content\/uploads\/2017\/04\/Promocija-Klikovi-768x575.jpg 768w, https:\/\/leonbijelic.com\/wp-content\/uploads\/2017\/04\/Promocija-Klikovi-800x599.jpg 800w, https:\/\/leonbijelic.com\/wp-content\/uploads\/2017\/04\/Promocija-Klikovi.jpg 951w\" sizes=\"(max-width: 951px) 100vw, 951px\" \/><\/a>\n\t\t\t<\/dt>\n\t\t\t\t<dd class='wp-caption-text gallery-caption' id='gallery-1-10487'>\n\t\t\t\tAkcija &#8211; Klikovi\n\t\t\t\t<\/dd><\/dl><br style=\"clear: both\" \/><dl class='gallery-item'>\n\t\t\t<dt class='gallery-icon landscape'>\n\t\t\t\t<a data-rel=\"iLightbox[postimages]\" data-title=\"Ljudi &#8211; Populacija\" data-caption=\"Ljudi - Populacija\" href='https:\/\/leonbijelic.com\/wp-content\/uploads\/2017\/04\/Promocija-People.jpg'><img decoding=\"async\" width=\"953\" height=\"710\" src=\"https:\/\/leonbijelic.com\/wp-content\/uploads\/2017\/04\/Promocija-People.jpg\" class=\"attachment-large size-large\" alt=\"\" aria-describedby=\"gallery-1-10490\" srcset=\"https:\/\/leonbijelic.com\/wp-content\/uploads\/2017\/04\/Promocija-People-200x149.jpg 200w, https:\/\/leonbijelic.com\/wp-content\/uploads\/2017\/04\/Promocija-People-300x224.jpg 300w, https:\/\/leonbijelic.com\/wp-content\/uploads\/2017\/04\/Promocija-People-400x298.jpg 400w, https:\/\/leonbijelic.com\/wp-content\/uploads\/2017\/04\/Promocija-People-600x447.jpg 600w, https:\/\/leonbijelic.com\/wp-content\/uploads\/2017\/04\/Promocija-People-768x572.jpg 768w, https:\/\/leonbijelic.com\/wp-content\/uploads\/2017\/04\/Promocija-People-800x596.jpg 800w, https:\/\/leonbijelic.com\/wp-content\/uploads\/2017\/04\/Promocija-People.jpg 953w\" sizes=\"(max-width: 953px) 100vw, 953px\" \/><\/a>\n\t\t\t<\/dt>\n\t\t\t\t<dd class='wp-caption-text gallery-caption' id='gallery-1-10490'>\n\t\t\t\tLjudi &#8211; Populacija\n\t\t\t\t<\/dd><\/dl><br style=\"clear: both\" \/><dl class='gallery-item'>\n\t\t\t<dt class='gallery-icon landscape'>\n\t\t\t\t<a data-rel=\"iLightbox[postimages]\" data-title=\"Promocija-Podru\u010dije-dr\u017eava\" data-caption=\"Podru\u010dije (dr\u017eava)\" href='https:\/\/leonbijelic.com\/wp-content\/uploads\/2017\/04\/Promocija-Podru\u010dije-dr\u017eava.jpg'><img decoding=\"async\" width=\"952\" height=\"713\" src=\"https:\/\/leonbijelic.com\/wp-content\/uploads\/2017\/04\/Promocija-Podru\u010dije-dr\u017eava.jpg\" class=\"attachment-large size-large\" alt=\"\" aria-describedby=\"gallery-1-10491\" srcset=\"https:\/\/leonbijelic.com\/wp-content\/uploads\/2017\/04\/Promocija-Podru\u010dije-dr\u017eava-200x150.jpg 200w, https:\/\/leonbijelic.com\/wp-content\/uploads\/2017\/04\/Promocija-Podru\u010dije-dr\u017eava-300x225.jpg 300w, https:\/\/leonbijelic.com\/wp-content\/uploads\/2017\/04\/Promocija-Podru\u010dije-dr\u017eava-400x300.jpg 400w, https:\/\/leonbijelic.com\/wp-content\/uploads\/2017\/04\/Promocija-Podru\u010dije-dr\u017eava-600x449.jpg 600w, https:\/\/leonbijelic.com\/wp-content\/uploads\/2017\/04\/Promocija-Podru\u010dije-dr\u017eava-768x575.jpg 768w, https:\/\/leonbijelic.com\/wp-content\/uploads\/2017\/04\/Promocija-Podru\u010dije-dr\u017eava-800x599.jpg 800w, https:\/\/leonbijelic.com\/wp-content\/uploads\/2017\/04\/Promocija-Podru\u010dije-dr\u017eava.jpg 952w\" sizes=\"(max-width: 952px) 100vw, 952px\" \/><\/a>\n\t\t\t<\/dt>\n\t\t\t\t<dd class='wp-caption-text gallery-caption' id='gallery-1-10491'>\n\t\t\t\tPodru\u010dije (dr\u017eava)\n\t\t\t\t<\/dd><\/dl><br style=\"clear: both\" \/><dl class='gallery-item'>\n\t\t\t<dt class='gallery-icon landscape'>\n\t\t\t\t<a data-rel=\"iLightbox[postimages]\" data-title=\"Promocija-Izgled-na-mobilnom\" data-caption=\"Izgled kampanje na mob.\" href='https:\/\/leonbijelic.com\/wp-content\/uploads\/2017\/04\/Promocija-Izgled-na-mobilnom.jpg'><img loading=\"lazy\" decoding=\"async\" width=\"952\" height=\"710\" src=\"https:\/\/leonbijelic.com\/wp-content\/uploads\/2017\/04\/Promocija-Izgled-na-mobilnom.jpg\" class=\"attachment-large size-large\" alt=\"\" aria-describedby=\"gallery-1-10489\" srcset=\"https:\/\/leonbijelic.com\/wp-content\/uploads\/2017\/04\/Promocija-Izgled-na-mobilnom-200x149.jpg 200w, https:\/\/leonbijelic.com\/wp-content\/uploads\/2017\/04\/Promocija-Izgled-na-mobilnom-300x224.jpg 300w, https:\/\/leonbijelic.com\/wp-content\/uploads\/2017\/04\/Promocija-Izgled-na-mobilnom-400x298.jpg 400w, https:\/\/leonbijelic.com\/wp-content\/uploads\/2017\/04\/Promocija-Izgled-na-mobilnom-600x447.jpg 600w, https:\/\/leonbijelic.com\/wp-content\/uploads\/2017\/04\/Promocija-Izgled-na-mobilnom-768x573.jpg 768w, https:\/\/leonbijelic.com\/wp-content\/uploads\/2017\/04\/Promocija-Izgled-na-mobilnom-800x597.jpg 800w, https:\/\/leonbijelic.com\/wp-content\/uploads\/2017\/04\/Promocija-Izgled-na-mobilnom.jpg 952w\" sizes=\"(max-width: 952px) 100vw, 952px\" \/><\/a>\n\t\t\t<\/dt>\n\t\t\t\t<dd class='wp-caption-text gallery-caption' id='gallery-1-10489'>\n\t\t\t\tIzgled kampanje na mob.\n\t\t\t\t<\/dd><\/dl><br style=\"clear: both\" \/><dl class='gallery-item'>\n\t\t\t<dt class='gallery-icon landscape'>\n\t\t\t\t<a data-rel=\"iLightbox[postimages]\" data-title=\"Promocija-Izgled-na-instagram-profilu\" data-caption=\"Izgled kampanje na insta.\" href='https:\/\/leonbijelic.com\/wp-content\/uploads\/2017\/04\/Promocija-Izgled-na-instagram-profilu.jpg'><img loading=\"lazy\" decoding=\"async\" width=\"949\" height=\"710\" src=\"https:\/\/leonbijelic.com\/wp-content\/uploads\/2017\/04\/Promocija-Izgled-na-instagram-profilu.jpg\" class=\"attachment-large size-large\" alt=\"\" aria-describedby=\"gallery-1-10488\" srcset=\"https:\/\/leonbijelic.com\/wp-content\/uploads\/2017\/04\/Promocija-Izgled-na-instagram-profilu-200x150.jpg 200w, https:\/\/leonbijelic.com\/wp-content\/uploads\/2017\/04\/Promocija-Izgled-na-instagram-profilu-300x224.jpg 300w, https:\/\/leonbijelic.com\/wp-content\/uploads\/2017\/04\/Promocija-Izgled-na-instagram-profilu-400x299.jpg 400w, https:\/\/leonbijelic.com\/wp-content\/uploads\/2017\/04\/Promocija-Izgled-na-instagram-profilu-600x449.jpg 600w, https:\/\/leonbijelic.com\/wp-content\/uploads\/2017\/04\/Promocija-Izgled-na-instagram-profilu-768x575.jpg 768w, https:\/\/leonbijelic.com\/wp-content\/uploads\/2017\/04\/Promocija-Izgled-na-instagram-profilu-800x599.jpg 800w, https:\/\/leonbijelic.com\/wp-content\/uploads\/2017\/04\/Promocija-Izgled-na-instagram-profilu.jpg 949w\" sizes=\"(max-width: 949px) 100vw, 949px\" \/><\/a>\n\t\t\t<\/dt>\n\t\t\t\t<dd class='wp-caption-text gallery-caption' id='gallery-1-10488'>\n\t\t\t\tIzgled kampanje na insta.\n\t\t\t\t<\/dd><\/dl><br style=\"clear: both\" \/>\n\t\t<\/div>\n\n<p style=\"text-align: center;\"><span style=\"font-size: 18pt; color: #666699;\">Statistika<\/span><\/p>\n<p style=\"text-align: center;\"><span style=\"font-size: 14pt; color: #000000;\">Na kraju svake kampanje dobijate kompletan izvje\u0161taj<br \/>\n<\/span><\/p>\n<p style=\"text-align: center;\"><span style=\"color: #000000;\">_<\/span><\/p>\n<p style=\"text-align: center;\"><span style=\"color: #666699; font-size: 14pt;\">Cijena: 150\u20ac mjese\u010dno\u00a0<\/span><\/p>\n<div class=\"fcbkbttn_buttons_block\" id=\"fcbkbttn_middle\"><div class=\"fcbkbttn_like \"><fb:like href=\"https:\/\/leonbijelic.com\/en\/restaurant-la-madera\/\" action=\"like\" colorscheme=\"light\" layout=\"box_count\"  size=\"small\"><\/fb:like><\/div><\/div>","protected":false},"excerpt":{"rendered":"<p>Odr\u017eavanje FB stranice + kampanje _ Odr\u017eavanje\u00a0uklju\u010duje: Ure\u0111ivanje i uno\u0161enje svih informacija Postavljanje fotografija (svaka 2-3 dana) Poseban dizajn za [&hellip;]<\/p>\n","protected":false},"author":3,"featured_media":0,"parent":0,"menu_order":0,"comment_status":"closed","ping_status":"closed","template":"","meta":{"footnotes":""},"class_list":["post-10483","page","type-page","status-publish","hentry"],"translation":{"provider":"WPGlobus","version":"3.0.0","language":"en","enabled_languages":["sr","en","de"],"languages":{"sr":{"title":true,"content":true,"excerpt":false},"en":{"title":false,"content":false,"excerpt":false},"de":{"title":false,"content":false,"excerpt":false}}},"yoast_head":"<!-- This site is optimized with the Yoast SEO plugin v24.8.1 - https:\/\/yoast.com\/wordpress\/plugins\/seo\/ -->\n<title>Leon Bijelic Photographer, Entrepreneur and Writer<\/title>\n<meta name=\"robots\" content=\"index, follow, max-snippet:-1, max-image-preview:large, max-video-preview:-1\" \/>\n<link rel=\"canonical\" href=\"https:\/\/leonbijelic.com\/restaurant-la-madera\/\" \/>\n<meta property=\"og:locale\" content=\"en_US\" \/>\n<meta property=\"og:type\" content=\"article\" \/>\n<meta property=\"og:title\" content=\"Leon Bijelic Photographer, Entrepreneur and Writer\" \/>\n<meta property=\"og:url\" content=\"https:\/\/leonbijelic.com\/restaurant-la-madera\/\" \/>\n<meta property=\"og:site_name\" content=\"Leon Bijelic - Food, Portrait &amp; Architecture photography\" \/>\n<meta property=\"article:publisher\" content=\"https:\/\/www.facebook.com\/leonbijelicphotography\/\" \/>\n<meta property=\"article:modified_time\" content=\"2017-04-25T16:46:32+00:00\" \/>\n<meta property=\"og:image\" content=\"https:\/\/leonbijelic.com\/wp-content\/uploads\/2017\/04\/Promocija-Klikovi.jpg\" \/>\n<meta name=\"twitter:card\" content=\"summary_large_image\" \/>\n<meta name=\"twitter:site\" content=\"@LeonBijelic\" \/>\n<meta name=\"twitter:label1\" content=\"Est. reading time\" \/>\n\t<meta name=\"twitter:data1\" content=\"1 minute\" \/>\n<script type=\"application\/ld+json\" class=\"yoast-schema-graph\">{\"@context\":\"https:\/\/schema.org\",\"@graph\":[{\"@type\":\"WebPage\",\"@id\":\"https:\/\/leonbijelic.com\/restaurant-la-madera\/\",\"url\":\"https:\/\/leonbijelic.com\/restaurant-la-madera\/\",\"name\":\"Leon Bijelic Photographer, Entrepreneur and Writer\",\"isPartOf\":{\"@id\":\"https:\/\/leonbijelic.com\/#website\"},\"datePublished\":\"2017-04-17T22:34:45+00:00\",\"dateModified\":\"2017-04-25T16:46:32+00:00\",\"description\":\"As a content creator and a professional photographer I\u2019m traveling through the world and working on a various projects for many different companies. I enjoy doing portraits and photos through interesting travels, small private weddings, events, lectures and seminars.\",\"breadcrumb\":{\"@id\":\"https:\/\/leonbijelic.com\/restaurant-la-madera\/#breadcrumb\"},\"inLanguage\":\"en-US\",\"potentialAction\":[{\"@type\":\"ReadAction\",\"target\":[\"https:\/\/leonbijelic.com\/restaurant-la-madera\/\"]}]},{\"@type\":\"BreadcrumbList\",\"@id\":\"https:\/\/leonbijelic.com\/restaurant-la-madera\/#breadcrumb\",\"itemListElement\":[{\"@type\":\"ListItem\",\"position\":1,\"name\":\"Home\",\"item\":\"https:\/\/leonbijelic.com\/\"},{\"@type\":\"ListItem\",\"position\":2,\"name\":\"Restaurant \u201cLa Madera\u201c\"}]},{\"@type\":\"WebSite\",\"@id\":\"https:\/\/leonbijelic.com\/#website\",\"url\":\"https:\/\/leonbijelic.com\/\",\"name\":\"Leon Bijelic\",\"description\":\"Leon Bijelic - Food, Portrait &amp; Architecture photography\",\"potentialAction\":[{\"@type\":\"SearchAction\",\"target\":{\"@type\":\"EntryPoint\",\"urlTemplate\":\"https:\/\/leonbijelic.com\/?s={search_term_string}\"},\"query-input\":{\"@type\":\"PropertyValueSpecification\",\"valueRequired\":true,\"valueName\":\"search_term_string\"}}],\"inLanguage\":\"en-US\"}]}<\/script>\n<!-- \/ Yoast SEO plugin. -->","yoast_head_json":{"title":"Leon Bijelic Photographer, Entrepreneur and Writer","robots":{"index":"index","follow":"follow","max-snippet":"max-snippet:-1","max-image-preview":"max-image-preview:large","max-video-preview":"max-video-preview:-1"},"canonical":"https:\/\/leonbijelic.com\/restaurant-la-madera\/","og_locale":"en_US","og_type":"article","og_title":"Leon Bijelic Photographer, Entrepreneur and Writer","og_url":"https:\/\/leonbijelic.com\/restaurant-la-madera\/","og_site_name":"Leon Bijelic - Food, Portrait &amp; Architecture photography","article_publisher":"https:\/\/www.facebook.com\/leonbijelicphotography\/","article_modified_time":"2017-04-25T16:46:32+00:00","og_image":[{"url":"https:\/\/leonbijelic.com\/wp-content\/uploads\/2017\/04\/Promocija-Klikovi.jpg","type":"","width":"","height":""}],"twitter_card":"summary_large_image","twitter_site":"@LeonBijelic","twitter_misc":{"Est. reading time":"1 minute"},"schema":{"@context":"https:\/\/schema.org","@graph":[{"@type":"WebPage","@id":"https:\/\/leonbijelic.com\/restaurant-la-madera\/","url":"https:\/\/leonbijelic.com\/restaurant-la-madera\/","name":"Leon Bijelic Photographer, Entrepreneur and Writer","isPartOf":{"@id":"https:\/\/leonbijelic.com\/#website"},"datePublished":"2017-04-17T22:34:45+00:00","dateModified":"2017-04-25T16:46:32+00:00","description":"As a content creator and a professional photographer I\u2019m traveling through the world and working on a various projects for many different companies. I enjoy doing portraits and photos through interesting travels, small private weddings, events, lectures and seminars.","breadcrumb":{"@id":"https:\/\/leonbijelic.com\/restaurant-la-madera\/#breadcrumb"},"inLanguage":"en-US","potentialAction":[{"@type":"ReadAction","target":["https:\/\/leonbijelic.com\/restaurant-la-madera\/"]}]},{"@type":"BreadcrumbList","@id":"https:\/\/leonbijelic.com\/restaurant-la-madera\/#breadcrumb","itemListElement":[{"@type":"ListItem","position":1,"name":"Home","item":"https:\/\/leonbijelic.com\/"},{"@type":"ListItem","position":2,"name":"Restaurant \u201cLa Madera\u201c"}]},{"@type":"WebSite","@id":"https:\/\/leonbijelic.com\/#website","url":"https:\/\/leonbijelic.com\/","name":"Leon Bijelic","description":"Leon Bijelic - Food, Portrait &amp; Architecture photography","potentialAction":[{"@type":"SearchAction","target":{"@type":"EntryPoint","urlTemplate":"https:\/\/leonbijelic.com\/?s={search_term_string}"},"query-input":{"@type":"PropertyValueSpecification","valueRequired":true,"valueName":"search_term_string"}}],"inLanguage":"en-US"}]}},"_links":{"self":[{"href":"https:\/\/leonbijelic.com\/en\/wp-json\/wp\/v2\/pages\/10483","targetHints":{"allow":["GET"]}}],"collection":[{"href":"https:\/\/leonbijelic.com\/en\/wp-json\/wp\/v2\/pages"}],"about":[{"href":"https:\/\/leonbijelic.com\/en\/wp-json\/wp\/v2\/types\/page"}],"author":[{"embeddable":true,"href":"https:\/\/leonbijelic.com\/en\/wp-json\/wp\/v2\/users\/3"}],"replies":[{"embeddable":true,"href":"https:\/\/leonbijelic.com\/en\/wp-json\/wp\/v2\/comments?post=10483"}],"version-history":[{"count":0,"href":"https:\/\/leonbijelic.com\/en\/wp-json\/wp\/v2\/pages\/10483\/revisions"}],"wp:attachment":[{"href":"https:\/\/leonbijelic.com\/en\/wp-json\/wp\/v2\/media?parent=10483"}],"curies":[{"name":"wp","href":"https:\/\/api.w.org\/{rel}","templated":true}]}}