{"id":19756,"date":"2018-11-16T13:26:20","date_gmt":"2018-11-16T13:26:20","guid":{"rendered":"http:\/\/leonbijelic.com\/?page_id=19756"},"modified":"2019-01-19T21:25:06","modified_gmt":"2019-01-19T21:25:06","slug":"anjaw","status":"publish","type":"page","link":"https:\/\/leonbijelic.com\/de\/anjaw\/","title":{"rendered":"ANJAW"},"content":{"rendered":"<p><div class=\"fusion-fullwidth fullwidth-box fusion-builder-row-1 fusion-flex-container tabelebg nonhundred-percent-fullwidth non-hundred-percent-height-scrolling\" style=\"background-color: #000000;background-position: center center;background-repeat: no-repeat;border-width: 0px 0px 0px 0px;border-color:#eae9e9;border-style:solid;\" ><div class=\"fusion-builder-row fusion-row fusion-flex-align-items-flex-start\" style=\"max-width:calc( 1100px + 0px );margin-left: calc(-0px \/ 2 );margin-right: calc(-0px \/ 2 );\"><div class=\"fusion-layout-column fusion_builder_column fusion-builder-column-0 fusion_builder_column_1_1 1_1 fusion-flex-column fusion-flex-align-self-flex-start fusion-column-no-min-height\"><div class=\"fusion-column-wrapper fusion-flex-justify-content-flex-start fusion-content-layout-column\" style=\"background-position:left top;background-repeat:no-repeat;-webkit-background-size:cover;-moz-background-size:cover;-o-background-size:cover;background-size:cover;padding: 0px 0px 0px 0px;\"><div class=\"fusion-text fusion-text-1\"><h3 style=\"text-align: center;\" data-fontsize=\"28\" data-lineheight=\"27\"><span style=\"color: #ffffff;\">\u00a0WEDDING &#8211; 12.1.2019. &#8211; DOBOJ<\/span><\/h3>\n<\/div><style type='text\/css'>\n\t\t\t\t.pricing-table-1 .panel-container, .pricing-table-1 .standout .panel-container,\n\t\t\t\t.pricing-table-1.full-boxed-pricing {background-color:#f8f8f8;}\n\t\t\t\t.pricing-table-1 .list-group .list-group-item,\n\t\t\t\t.pricing-table-1 .list-group .list-group-item:last-child{background-color:rgba(255,255,255,0.72); border-color:#ededed;}\n\t\t\t\t.pricing-table-1.full-boxed-pricing .panel-wrapper:hover .panel-heading,\n\t\t\t\t.pricing-table-1 .panel-wrapper:hover .list-group-item {background-color:#f8f8f8;}\n\t\t\t\t.pricing-table-1.full-boxed-pricing .panel-heading{background-color:rgba(255,255,255,0.72);}\n\t\t\t\t.pricing-table-1 .fusion-panel, .pricing-table-1 .panel-wrapper:last-child .fusion-panel,\n\t\t\t\t.pricing-table-1 .standout .fusion-panel, .pricing-table-1  .panel-heading,\n\t\t\t\t.pricing-table-1 .panel-body, .pricing-table-1 .panel-footer{border-color:#ededed;}\n\t\t\t\t.pricing-table-1 .panel-body,.pricing-table-1 .panel-footer{background-color:#f8f8f8;}\n\t\t\t\t.pricing-table-1.sep-boxed-pricing .panel-heading h3{color:#333333;}\n\t\t\t\t.pricing-table-1.full-boxed-pricing.fusion-pricing-table .panel-heading h3{color:#333333;}\n\t\t\t\t.pricing-table-1.fusion-pricing-table .panel-body .price .decimal-part{color:#62a2c4;}\n\t\t\t\t.pricing-table-1.fusion-pricing-table .panel-body .price .integer-part{color:#62a2c4;}\n\t\t\t\t.pricing-table-1 ul.list-group li{color:#747474;}\n\t\t\t\t<\/style><div class=\"fusion-pricing-table pricing-table-1 full-boxed-pricing row fusion-columns-1 columns-1 fusion-clearfix\"><div class=\"panel-wrapper fusion-column column col-lg-12 col-md-12 col-sm-12 fusion-pricingtable-column\"><div class=\"panel-container\"><div class=\"fusion-panel\"><div class=\"panel-heading\"><h3 class=\"title-row\">VIP \/ 7h \/ Do torte<\/h3><\/div><div class=\"panel-body pricing-row\"><div class=\"price \"><span class=\"currency\"><\/span><span class=\"integer-part\">Oko 400+ fotografija<\/span><\/div><\/div><ul class=\"list-group\"><li class=\"list-group-item normal-row\">Photo session na lokaciji (1h)<\/li><li class=\"list-group-item normal-row\">Op\u0161tinsko vjen\u010danje<\/li><li class=\"list-group-item normal-row\">Fotografisanje proslave u sali<\/li><li class=\"list-group-item normal-row\"> Obrada i sre\u0111ivanje svih fotografija <\/li><li class=\"list-group-item normal-row\">Sve fotografije dobijate u boji<\/li><li class=\"list-group-item normal-row\">4K rezolucija fotografija<\/li><li class=\"list-group-item normal-row\">Uspomene dobijate na 16GB USB<\/li><li class=\"list-group-item normal-row\">Sve dobijate gotovo kroz 10-15 dana<\/li><\/ul><div class=\"panel-footer footer-row\"><div class=\"fusion-align-block\"><style>.fusion-button.button-1{border-radius:2px 2px 2px 2px;}<\/style><a class=\"fusion-button button-flat button-small button-default button-1 fusion-button-default-span \" target=\"_blank\" rel=\"noopener noreferrer\" href=\"http:\/\/leonbijelic.com\/kontakt\/\" style=\"width:calc(100%);\"><span class=\"fusion-button-text\">1 sat = 130 KM<\/span><\/a><\/div><\/div><\/div><\/div><\/div><\/div><\/div><style type=\"text\/css\">.fusion-body .fusion-builder-column-0{width:100% !important;margin-top : 45px;margin-bottom : 45px;}.fusion-builder-column-0 > .fusion-column-wrapper {padding-top : 0px !important;padding-right : 0px !important;margin-right : 0px;padding-bottom : 0px !important;padding-left : 0px !important;margin-left : 0px;}@media only screen and (max-width:1024px) {.fusion-body .fusion-builder-column-0{width:100% !important;}.fusion-builder-column-0 > .fusion-column-wrapper {margin-right : 0px;margin-left : 0px;}}@media only screen and (max-width:410px) {.fusion-body .fusion-builder-column-0{width:100% !important;}.fusion-builder-column-0 > .fusion-column-wrapper {margin-right : 0px;margin-left : 0px;}}<\/style><\/div><\/div><style type=\"text\/css\">.fusion-body .fusion-flex-container.fusion-builder-row-1{ padding-top : 0px;margin-top : 0px;padding-right : 0px;padding-bottom : 0px;margin-bottom : 0px;padding-left : 0px;}<\/style><\/div><div class=\"fusion-fullwidth fullwidth-box fusion-builder-row-2 fusion-flex-container tabelebg nonhundred-percent-fullwidth non-hundred-percent-height-scrolling\" style=\"background-color: #000000;background-position: center center;background-repeat: no-repeat;border-width: 0px 0px 0px 0px;border-color:#eae9e9;border-style:solid;\" ><div class=\"fusion-builder-row fusion-row fusion-flex-align-items-flex-start\" style=\"max-width:calc( 1100px + 0px );margin-left: calc(-0px \/ 2 );margin-right: calc(-0px \/ 2 );\"><div class=\"fusion-layout-column fusion_builder_column fusion-builder-column-1 fusion_builder_column_1_1 1_1 fusion-flex-column\"><div class=\"fusion-column-wrapper fusion-flex-justify-content-flex-start fusion-content-layout-column\" style=\"background-position:left top;background-repeat:no-repeat;-webkit-background-size:cover;-moz-background-size:cover;-o-background-size:cover;background-size:cover;padding: 0px 0px 0px 0px;\"><\/div><style type=\"text\/css\">.fusion-body .fusion-builder-column-1{width:100% !important;margin-top : 0px;margin-bottom : 30px;}.fusion-builder-column-1 > .fusion-column-wrapper {padding-top : 0px !important;padding-right : 0px !important;margin-right : 0px;padding-bottom : 0px !important;padding-left : 0px !important;margin-left : 0px;}@media only screen and (max-width:1024px) {.fusion-body .fusion-builder-column-1{width:100% !important;}.fusion-builder-column-1 > .fusion-column-wrapper {margin-right : 0px;margin-left : 0px;}}@media only screen and (max-width:410px) {.fusion-body .fusion-builder-column-1{width:100% !important;}.fusion-builder-column-1 > .fusion-column-wrapper {margin-right : 0px;margin-left : 0px;}}<\/style><\/div><div class=\"fusion-layout-column fusion_builder_column fusion-builder-column-2 fusion_builder_column_1_1 1_1 fusion-flex-column\"><div class=\"fusion-column-wrapper fusion-flex-justify-content-flex-start fusion-content-layout-column\" style=\"background-position:left top;background-repeat:no-repeat;-webkit-background-size:cover;-moz-background-size:cover;-o-background-size:cover;background-size:cover;padding: 0px 0px 0px 0px;\"><div class=\"fusion-text fusion-text-2\"><p style=\"text-align: left;\" data-fontsize=\"28\" data-lineheight=\"27\"><span style=\"font-size: 14pt;\"><em><span style=\"color: #ffffff;\"><strong>Detaljnije informacije o fotografijama i \u00a0fotografisanju<\/strong><\/span><\/em><\/span><\/p>\n<\/div><div class=\"fusion-text fusion-text-3\"><p style=\"text-align: justify;\"><span style=\"color: #ffffff;\">Sve fotografije dobijate u 4K rezoluciji bez za\u0161tite u vidu logotipa<\/span><br \/>\n<span style=\"color: #ffffff;\">Mo\u017eete ih preuzeti i u el formi, preko download linka (wetransfer)<\/span><br \/>\n<span style=\"color: #ffffff;\">Sve fotografije su obra\u0111ene poput primjera koje mo\u017eete vidjeti na sajtu<\/span><br \/>\n<span style=\"color: #ffffff;\">Obrada fotografija uklju\u010duje: Korekciju kadrova, boje, tonova i nekoliko retu\u0161iranih fotografija<\/span><br \/>\n<span style=\"color: #ffffff;\">Sa mnom radi jedan asistent (drugi fotograf)<\/span><br \/>\n<span style=\"color: #ffffff;\">U cijenu su uklju\u010deni putni tro\u0161kovi<\/span><\/p>\n<h3 style=\"text-align: justify;\"><span style=\"color: #ffffff;\"><strong>Photo session je fotografisanje na nekoj lokaciji<\/strong><\/span><\/h3>\n<p style=\"text-align: justify;\"><span style=\"color: #ffffff;\">Potrebno je izdvojiti oko 1 sat za fotografisanje. Najidealniji period za fotografisanje je 1h prije zalaska sunca i tokom zalaska. U zimskom periodu, predla\u017eem dvije lokacije, u nekom lijepom ambijentu i vani.\u00a0<\/span><\/p>\n<h3 style=\"text-align: justify;\"><span style=\"color: #ffffff;\"><strong>Izrada fotografija na licu mjesta:<\/strong><\/span><\/h3>\n<p style=\"text-align: justify;\"><span style=\"color: #ffffff;\"><strong>&#8211; Opcija 1 (poklon fotografija):<\/strong>\u00a0Nakon fotografisanja gostiju sa vama, fotografije se izra\u0111uju i dijele gostima kao poklon od mladenaca. Ako vi poklanjate gostima, cijena po fotografiji je jeftinija: 2,00 KM. Za 250 ljudi koliko \u0107e biti na Va\u0161em vjen\u010danju izradilo bi se otprilike 150 fotografija (zbog parova, djece, grupnih fotki..) \u0161to je cjenovno 300 KM.<\/span><\/p>\n<p style=\"text-align: justify;\"><span style=\"color: #ffffff;\"><strong>&#8211; Opcija 2 (prodaja fotografija):\u00a0<\/strong>Nakon fotografisanja gostiju sa vama, fotografije se izra\u0111uju i muzika najavi gostima prodaju fotografija, gdje gosti mogu kupiti fotografiju po cijeni od 3,00KM<\/span><\/p>\n<h3 style=\"text-align: justify;\"><span style=\"color: #ffffff;\"><strong>Potrebno je obezbjediti:<\/strong><\/span><\/h3>\n<p style=\"text-align: justify;\"><span style=\"color: #ffffff;\">&#8211; Oko 1h za fotografisanje na nekoj lokaciji<\/span><br \/>\n<span style=\"color: #ffffff;\">&#8211; Dvije stolice za ru\u010dak za mene i asistenta (ne blizu zvu\u010dnika)<\/span><br \/>\n<span style=\"color: #ffffff;\">&#8211; Dva vegeterijanska jela (bez mesa, bez ribe)<\/span><br \/>\n<span style=\"color: #ffffff;\">&#8211; Poseban stol za ma\u0161inu (izradu fotografija) ako se odlu\u010dite za to<\/span><\/p>\n<h3 style=\"text-align: justify;\"><span style=\"color: #ffffff;\"><strong>Dodatna informacija:<\/strong><\/span><\/h3>\n<p style=\"text-align: justify;\"><span style=\"color: #ffffff;\">&#8211; Moj stil je kombinacija umjetni\u010dke fotografije sa dokumentaristi\u010dkim uglom i duhom. Nastojim fotografisati sve upravo onako kako se samo od sebe odvija i poku\u0161avam uhvatiti najiskrenije emocije i najsve\u010danije trenutke tokom cijelog dana, bez puno li\u010dne intervencije sem kada je to nu\u017eno. Tokom fotografisanja vjen\u010danja 50% vremena nosim slu\u0161alice radi komunikacije sa asistentnom.<\/span><\/p>\n<\/div><\/div><style type=\"text\/css\">.fusion-body .fusion-builder-column-2{width:100% !important;margin-top : 0px;margin-bottom : 30px;}.fusion-builder-column-2 > .fusion-column-wrapper {padding-top : 0px !important;padding-right : 0px !important;margin-right : 0px;padding-bottom : 0px !important;padding-left : 0px !important;margin-left : 0px;}@media only screen and (max-width:1024px) {.fusion-body .fusion-builder-column-2{width:100% !important;}.fusion-builder-column-2 > .fusion-column-wrapper {margin-right : 0px;margin-left : 0px;}}@media only screen and (max-width:410px) {.fusion-body .fusion-builder-column-2{width:100% !important;}.fusion-builder-column-2 > .fusion-column-wrapper {margin-right : 0px;margin-left : 0px;}}<\/style><\/div><\/div><style type=\"text\/css\">.fusion-body .fusion-flex-container.fusion-builder-row-2{ padding-top : 0px;margin-top : 0px;padding-right : 0px;padding-bottom : 0px;margin-bottom : 0px;padding-left : 0px;}<\/style><\/div><\/p>\n<div class=\"fcbkbttn_buttons_block\" id=\"fcbkbttn_middle\"><div class=\"fcbkbttn_like \"><fb:like href=\"https:\/\/leonbijelic.com\/de\/anjaw\/\" action=\"like\" colorscheme=\"light\" layout=\"box_count\"  size=\"small\"><\/fb:like><\/div><\/div>","protected":false},"excerpt":{"rendered":"","protected":false},"author":3,"featured_media":0,"parent":0,"menu_order":0,"comment_status":"closed","ping_status":"closed","template":"100-width.php","meta":{"footnotes":""},"class_list":["post-19756","page","type-page","status-publish","hentry"],"translation":{"provider":"WPGlobus","version":"3.0.0","language":"de","enabled_languages":["sr","en","de"],"languages":{"sr":{"title":true,"content":true,"excerpt":false},"en":{"title":false,"content":false,"excerpt":false},"de":{"title":false,"content":false,"excerpt":false}}},"yoast_head":"<!-- This site is optimized with the Yoast SEO plugin v24.8.1 - https:\/\/yoast.com\/wordpress\/plugins\/seo\/ -->\n<title>Leon Bijelic Photographer, Entrepreneur and Writer<\/title>\n<meta name=\"robots\" content=\"index, follow, max-snippet:-1, max-image-preview:large, max-video-preview:-1\" \/>\n<link rel=\"canonical\" href=\"https:\/\/leonbijelic.com\/anjaw\/\" \/>\n<meta property=\"og:locale\" content=\"de_DE\" \/>\n<meta property=\"og:type\" content=\"article\" \/>\n<meta property=\"og:title\" content=\"Leon Bijelic Photographer, Entrepreneur and Writer\" \/>\n<meta property=\"og:url\" content=\"https:\/\/leonbijelic.com\/anjaw\/\" \/>\n<meta property=\"og:site_name\" content=\"Leon Bijelic - Fotografie von Essen, Portraits und Architektur\" \/>\n<meta property=\"article:publisher\" content=\"https:\/\/www.facebook.com\/leonbijelicphotography\/\" \/>\n<meta property=\"article:modified_time\" content=\"2019-01-19T21:25:06+00:00\" \/>\n<meta name=\"twitter:card\" content=\"summary_large_image\" \/>\n<meta name=\"twitter:site\" content=\"@LeonBijelic\" \/>\n<meta name=\"twitter:label1\" content=\"Est. reading time\" \/>\n\t<meta name=\"twitter:data1\" content=\"5 minutes\" \/>\n<script type=\"application\/ld+json\" class=\"yoast-schema-graph\">{\"@context\":\"https:\/\/schema.org\",\"@graph\":[{\"@type\":\"WebPage\",\"@id\":\"https:\/\/leonbijelic.com\/anjaw\/\",\"url\":\"https:\/\/leonbijelic.com\/anjaw\/\",\"name\":\"Leon Bijelic Photographer, Entrepreneur and Writer\",\"isPartOf\":{\"@id\":\"https:\/\/leonbijelic.com\/#website\"},\"datePublished\":\"2018-11-16T13:26:20+00:00\",\"dateModified\":\"2019-01-19T21:25:06+00:00\",\"description\":\"As a content creator and a professional photographer I\u2019m traveling through the world and working on a various projects for many different companies. I enjoy doing portraits and photos through interesting travels, small private weddings, events, lectures and seminars.\",\"breadcrumb\":{\"@id\":\"https:\/\/leonbijelic.com\/anjaw\/#breadcrumb\"},\"inLanguage\":\"de-DE\",\"potentialAction\":[{\"@type\":\"ReadAction\",\"target\":[\"https:\/\/leonbijelic.com\/anjaw\/\"]}]},{\"@type\":\"BreadcrumbList\",\"@id\":\"https:\/\/leonbijelic.com\/anjaw\/#breadcrumb\",\"itemListElement\":[{\"@type\":\"ListItem\",\"position\":1,\"name\":\"Home\",\"item\":\"https:\/\/leonbijelic.com\/\"},{\"@type\":\"ListItem\",\"position\":2,\"name\":\"ANJAW\"}]},{\"@type\":\"WebSite\",\"@id\":\"https:\/\/leonbijelic.com\/#website\",\"url\":\"https:\/\/leonbijelic.com\/\",\"name\":\"Leon Bijelic\",\"description\":\"Leon Bijelic - Fotografie von Essen, Portraits und Architektur\",\"potentialAction\":[{\"@type\":\"SearchAction\",\"target\":{\"@type\":\"EntryPoint\",\"urlTemplate\":\"https:\/\/leonbijelic.com\/?s={search_term_string}\"},\"query-input\":{\"@type\":\"PropertyValueSpecification\",\"valueRequired\":true,\"valueName\":\"search_term_string\"}}],\"inLanguage\":\"de-DE\"}]}<\/script>\n<!-- \/ Yoast SEO plugin. -->","yoast_head_json":{"title":"Leon Bijelic Photographer, Entrepreneur and Writer","robots":{"index":"index","follow":"follow","max-snippet":"max-snippet:-1","max-image-preview":"max-image-preview:large","max-video-preview":"max-video-preview:-1"},"canonical":"https:\/\/leonbijelic.com\/anjaw\/","og_locale":"de_DE","og_type":"article","og_title":"Leon Bijelic Photographer, Entrepreneur and Writer","og_url":"https:\/\/leonbijelic.com\/anjaw\/","og_site_name":"Leon Bijelic - Fotografie von Essen, Portraits und Architektur","article_publisher":"https:\/\/www.facebook.com\/leonbijelicphotography\/","article_modified_time":"2019-01-19T21:25:06+00:00","twitter_card":"summary_large_image","twitter_site":"@LeonBijelic","twitter_misc":{"Est. reading time":"5 minutes"},"schema":{"@context":"https:\/\/schema.org","@graph":[{"@type":"WebPage","@id":"https:\/\/leonbijelic.com\/anjaw\/","url":"https:\/\/leonbijelic.com\/anjaw\/","name":"Leon Bijelic Photographer, Entrepreneur and Writer","isPartOf":{"@id":"https:\/\/leonbijelic.com\/#website"},"datePublished":"2018-11-16T13:26:20+00:00","dateModified":"2019-01-19T21:25:06+00:00","description":"As a content creator and a professional photographer I\u2019m traveling through the world and working on a various projects for many different companies. I enjoy doing portraits and photos through interesting travels, small private weddings, events, lectures and seminars.","breadcrumb":{"@id":"https:\/\/leonbijelic.com\/anjaw\/#breadcrumb"},"inLanguage":"de-DE","potentialAction":[{"@type":"ReadAction","target":["https:\/\/leonbijelic.com\/anjaw\/"]}]},{"@type":"BreadcrumbList","@id":"https:\/\/leonbijelic.com\/anjaw\/#breadcrumb","itemListElement":[{"@type":"ListItem","position":1,"name":"Home","item":"https:\/\/leonbijelic.com\/"},{"@type":"ListItem","position":2,"name":"ANJAW"}]},{"@type":"WebSite","@id":"https:\/\/leonbijelic.com\/#website","url":"https:\/\/leonbijelic.com\/","name":"Leon Bijelic","description":"Leon Bijelic - Fotografie von Essen, Portraits und Architektur","potentialAction":[{"@type":"SearchAction","target":{"@type":"EntryPoint","urlTemplate":"https:\/\/leonbijelic.com\/?s={search_term_string}"},"query-input":{"@type":"PropertyValueSpecification","valueRequired":true,"valueName":"search_term_string"}}],"inLanguage":"de-DE"}]}},"_links":{"self":[{"href":"https:\/\/leonbijelic.com\/de\/wp-json\/wp\/v2\/pages\/19756","targetHints":{"allow":["GET"]}}],"collection":[{"href":"https:\/\/leonbijelic.com\/de\/wp-json\/wp\/v2\/pages"}],"about":[{"href":"https:\/\/leonbijelic.com\/de\/wp-json\/wp\/v2\/types\/page"}],"author":[{"embeddable":true,"href":"https:\/\/leonbijelic.com\/de\/wp-json\/wp\/v2\/users\/3"}],"replies":[{"embeddable":true,"href":"https:\/\/leonbijelic.com\/de\/wp-json\/wp\/v2\/comments?post=19756"}],"version-history":[{"count":13,"href":"https:\/\/leonbijelic.com\/de\/wp-json\/wp\/v2\/pages\/19756\/revisions"}],"predecessor-version":[{"id":20305,"href":"https:\/\/leonbijelic.com\/de\/wp-json\/wp\/v2\/pages\/19756\/revisions\/20305"}],"wp:attachment":[{"href":"https:\/\/leonbijelic.com\/de\/wp-json\/wp\/v2\/media?parent=19756"}],"curies":[{"name":"wp","href":"https:\/\/api.w.org\/{rel}","templated":true}]}}