{"id":10907,"date":"2017-04-28T22:35:20","date_gmt":"2017-04-28T22:35:20","guid":{"rendered":"http:\/\/leonbijelic.com\/?page_id=10907"},"modified":"2018-12-27T23:50:49","modified_gmt":"2018-12-27T23:50:49","slug":"faq","status":"publish","type":"page","link":"https:\/\/leonbijelic.com\/de\/faq\/","title":{"rendered":"FAQ"},"content":{"rendered":"<div class=\"fusion-fullwidth fullwidth-box fusion-builder-row-1 fusion-flex-container nonhundred-percent-fullwidth non-hundred-percent-height-scrolling\" style=\"background-color: #ffffff;background-position: center center;background-repeat: no-repeat;border-width: 0px 0px 0px 0px;border-color:#eae9e9;border-style:solid;\" ><div class=\"fusion-builder-row fusion-row fusion-flex-align-items-flex-start\" style=\"max-width:calc( 1100px + 0px );margin-left: calc(-0px \/ 2 );margin-right: calc(-0px \/ 2 );\"><div class=\"fusion-layout-column fusion_builder_column fusion-builder-column-0 fusion_builder_column_1_1 1_1 fusion-flex-column\"><div class=\"fusion-column-wrapper fusion-flex-justify-content-center fusion-content-layout-column\" style=\"background-position:left top;background-repeat:no-repeat;-webkit-background-size:cover;-moz-background-size:cover;-o-background-size:cover;background-size:cover;padding: 0px 0px 0px 0px;\"><style type=\"text\/css\">#accordion-10907-1 .fusion-panel:hover, #accordion-10907-1 .fusion-panel.hover{ background-color: #f9f9f9 } #accordion-10907-1 .fusion-panel { border-color:#cccccc; border-width:1px; background-color:#ffffff; }.fusion-accordian  #accordion-10907-1 .panel-title a .fa-fusion-box{ color: #ffffff;}.fusion-accordian  #accordion-10907-1 .panel-title a .fa-fusion-box:before{ font-size: 13px; width: 13px;}.fusion-accordian  #accordion-10907-1 .panel-title a{font-size:13px;color:#333333;}.fusion-accordian  #accordion-10907-1 .toggle-content{font-size:16px;color:#747474;font-family:Arial, Helvetica, sans-serif;font-weight:400;}.fusion-accordian  #accordion-10907-1 .fa-fusion-box { background-color: #333333;border-color: #333333;}.fusion-accordian  #accordion-10907-1 .panel-title a:not(.active):hover, #accordion-10907-1 .fusion-toggle-boxed-mode:hover .panel-title a { color: #8c8c8c;}.fusion-accordian  #accordion-10907-1 .panel-title .active .fa-fusion-box,.fusion-accordian  #accordion-10907-1 .panel-title a:not(.active):hover .fa-fusion-box { background-color: #8c8c8c!important;border-color: #8c8c8c!important;}<\/style><div class=\"accordian fusion-accordian\"><div class=\"panel-group\" id=\"accordion-10907-1\"><style type=\"text\/css\">.fusion-accordian  #accordion-10907-1 .panel-d8948cd112697ba9a .panel-title a{}.fusion-accordian  #accordion-10907-1 .panel-d8948cd112697ba9a .toggle-content{}<\/style><div class=\"fusion-panel panel-default panel-d8948cd112697ba9a fusion-toggle-no-divider fusion-toggle-boxed-mode\"><div class=\"panel-heading\"><h4 class=\"panel-title toggle\"><a aria-expanded=\"false\" aria-controls=\"d8948cd112697ba9a\" role=\"button\" data-toggle=\"collapse\" data-parent=\"#accordion-10907-1\" data-target=\"#d8948cd112697ba9a\" href=\"#d8948cd112697ba9a\"><span class=\"fusion-toggle-icon-wrapper\" aria-hidden=\"true\"><i class=\"fa-fusion-box active-icon awb-icon-minus\" aria-hidden=\"true\"><\/i><i class=\"fa-fusion-box inactive-icon awb-icon-plus\" aria-hidden=\"true\"><\/i><\/span><span class=\"fusion-toggle-heading\"><\/p>\n<p>Was ist der Preis f\u00fcr Ihre Dienstleistung?<\/span><\/a><\/h4><\/div><div id=\"d8948cd112697ba9a\" class=\"panel-collapse collapse \"><div class=\"panel-body toggle-content fusion-clearfix\">\n<p style=\"text-align: left;\">F\u00fcllen Sie das <a href=\"https:\/\/leonbijelic.com\/de\/kontakt\/\">Kontaktformular<\/a> aus und Sie erhalten eine Antwort innerhalb von 48 Stunden.<\/p>\n<\/div><\/div><\/div><style type=\"text\/css\">.fusion-accordian  #accordion-10907-1 .panel-287ff2d7692c38eed .panel-title a{}.fusion-accordian  #accordion-10907-1 .panel-287ff2d7692c38eed .toggle-content{}<\/style><div class=\"fusion-panel panel-default panel-287ff2d7692c38eed fusion-toggle-no-divider fusion-toggle-boxed-mode\"><div class=\"panel-heading\"><h4 class=\"panel-title toggle\"><a aria-expanded=\"false\" aria-controls=\"287ff2d7692c38eed\" role=\"button\" data-toggle=\"collapse\" data-parent=\"#accordion-10907-1\" data-target=\"#287ff2d7692c38eed\" href=\"#287ff2d7692c38eed\"><span class=\"fusion-toggle-icon-wrapper\" aria-hidden=\"true\"><i class=\"fa-fusion-box active-icon awb-icon-minus\" aria-hidden=\"true\"><\/i><i class=\"fa-fusion-box inactive-icon awb-icon-plus\" aria-hidden=\"true\"><\/i><\/span><span class=\"fusion-toggle-heading\">Sind die Reisekosten im Preis inbegriffen?<\/span><\/a><\/h4><\/div><div id=\"287ff2d7692c38eed\" class=\"panel-collapse collapse \"><div class=\"panel-body toggle-content fusion-clearfix\">\n<p style=\"text-align: left;\">Die Reisekosten sind nicht im Preis inbegriffen. Nach der Auswahl des Pakets werden wir \u00fcber Reisekosten sprechen.<\/p>\n<p style=\"text-align: left;\"><\/div><\/div><\/div><style type=\"text\/css\">.fusion-accordian  #accordion-10907-1 .panel-76d1ac217f3443cda .panel-title a{}.fusion-accordian  #accordion-10907-1 .panel-76d1ac217f3443cda .toggle-content{}<\/style><div class=\"fusion-panel panel-default panel-76d1ac217f3443cda fusion-toggle-no-divider fusion-toggle-boxed-mode\"><div class=\"panel-heading\"><h4 class=\"panel-title toggle\"><a aria-expanded=\"false\" aria-controls=\"76d1ac217f3443cda\" role=\"button\" data-toggle=\"collapse\" data-parent=\"#accordion-10907-1\" data-target=\"#76d1ac217f3443cda\" href=\"#76d1ac217f3443cda\"><span class=\"fusion-toggle-icon-wrapper\" aria-hidden=\"true\"><i class=\"fa-fusion-box active-icon awb-icon-minus\" aria-hidden=\"true\"><\/i><i class=\"fa-fusion-box inactive-icon awb-icon-plus\" aria-hidden=\"true\"><\/i><\/span><span class=\"fusion-toggle-heading\">Zahlungen und Abrechnung?<\/span><\/a><\/h4><\/div><div id=\"76d1ac217f3443cda\" class=\"panel-collapse collapse \"><div class=\"panel-body toggle-content fusion-clearfix\">\nWie wir vereinbart haben.<\/p>\n<\/div><\/div><\/div><style type=\"text\/css\">.fusion-accordian  #accordion-10907-1 .panel-130421fd07177f8fd .panel-title a{}.fusion-accordian  #accordion-10907-1 .panel-130421fd07177f8fd .toggle-content{}<\/style><div class=\"fusion-panel panel-default panel-130421fd07177f8fd fusion-toggle-no-divider fusion-toggle-boxed-mode\"><div class=\"panel-heading\"><h4 class=\"panel-title toggle\"><a aria-expanded=\"false\" aria-controls=\"130421fd07177f8fd\" role=\"button\" data-toggle=\"collapse\" data-parent=\"#accordion-10907-1\" data-target=\"#130421fd07177f8fd\" href=\"#130421fd07177f8fd\"><span class=\"fusion-toggle-icon-wrapper\" aria-hidden=\"true\"><i class=\"fa-fusion-box active-icon awb-icon-minus\" aria-hidden=\"true\"><\/i><i class=\"fa-fusion-box inactive-icon awb-icon-plus\" aria-hidden=\"true\"><\/i><\/span><span class=\"fusion-toggle-heading\">Wie reisten Sie?<\/span><\/a><\/h4><\/div><div id=\"130421fd07177f8fd\" class=\"panel-collapse collapse \"><div class=\"panel-body toggle-content fusion-clearfix\">\n<p style=\"text-align: left;\">Ich reise mit dem Flugzeug oder dem Auto, je nach Ziel und unserer Vereinbarung.<\/p>\n<\/div><\/div><\/div><style type=\"text\/css\">.fusion-accordian  #accordion-10907-1 .panel-b81e1586fea6f6de4 .panel-title a{}.fusion-accordian  #accordion-10907-1 .panel-b81e1586fea6f6de4 .toggle-content{}<\/style><div class=\"fusion-panel panel-default panel-b81e1586fea6f6de4 fusion-toggle-no-divider fusion-toggle-boxed-mode\"><div class=\"panel-heading\"><h4 class=\"panel-title toggle\"><a aria-expanded=\"false\" aria-controls=\"b81e1586fea6f6de4\" role=\"button\" data-toggle=\"collapse\" data-parent=\"#accordion-10907-1\" data-target=\"#b81e1586fea6f6de4\" href=\"#b81e1586fea6f6de4\"><span class=\"fusion-toggle-icon-wrapper\" aria-hidden=\"true\"><i class=\"fa-fusion-box active-icon awb-icon-minus\" aria-hidden=\"true\"><\/i><i class=\"fa-fusion-box inactive-icon awb-icon-plus\" aria-hidden=\"true\"><\/i><\/span><span class=\"fusion-toggle-heading\">Was ist dein Arbeitsstil?<\/span><\/a><\/h4><\/div><div id=\"b81e1586fea6f6de4\" class=\"panel-collapse collapse \"><div class=\"panel-body toggle-content fusion-clearfix\">\n<p style=\"text-align: left;\">Jeder Kunde und jedes Projekt sind unterschiedlich und deshalb hat mein Arbeitsstil ein unterschiedliches Verfahren, angepasst an den Projekttyp, die Situation, die Umst\u00e4nde, die Vereinbarung.<\/p>\n<p style=\"text-align: left;\"><strong>Ich arbeite unter der Formel QS<\/strong><\/p>\n<p style=\"text-align: left;\"><strong><span class=\"twentyfive\">Servicequalit\u00e4t:<\/span><\/strong> ): Die Betreuung von Gesch\u00e4ften bis ins kleinste Detail, in der m\u00f6glichst effektivsten Weise, mit dem Ziel die h\u00f6chste Leistungsf\u00e4higkeit jederzeit im Auge zu behalten.<\/p>\n<p style=\"text-align: left;\"><strong>Geist: <\/strong>Angenehmes und harmonisches Verhalten, das die Zusammenarbeit mit den Berufst\u00e4tigen f\u00f6rdert und dazu inspiriert, jede Aufgabe kreativ zu erf\u00fcllen.<\/p>\n<\/div><\/div><\/div><style type=\"text\/css\">.fusion-accordian  #accordion-10907-1 .panel-c7091dc4664276306 .panel-title a{}.fusion-accordian  #accordion-10907-1 .panel-c7091dc4664276306 .toggle-content{}<\/style><div class=\"fusion-panel panel-default panel-c7091dc4664276306 fusion-toggle-no-divider fusion-toggle-boxed-mode\"><div class=\"panel-heading\"><h4 class=\"panel-title toggle\"><a aria-expanded=\"false\" aria-controls=\"c7091dc4664276306\" role=\"button\" data-toggle=\"collapse\" data-parent=\"#accordion-10907-1\" data-target=\"#c7091dc4664276306\" href=\"#c7091dc4664276306\"><span class=\"fusion-toggle-icon-wrapper\" aria-hidden=\"true\"><i class=\"fa-fusion-box active-icon awb-icon-minus\" aria-hidden=\"true\"><\/i><i class=\"fa-fusion-box inactive-icon awb-icon-plus\" aria-hidden=\"true\"><\/i><\/span><span class=\"fusion-toggle-heading\">Wie lange bleiben Sie in unserem Hotel?<\/span><\/a><\/h4><\/div><div id=\"c7091dc4664276306\" class=\"panel-collapse collapse \"><div class=\"panel-body toggle-content fusion-clearfix\">\n<p style=\"text-align: left;\">Das h\u00e4ngt vor allem von der Art des Projekts ab und der Zeit, die erforderlich f\u00fcr die ordnungsgem\u00e4\u00dfe Durchf\u00fchrung des Projekts ist. Ungef\u00e4hr vier bis zehn Tage.<\/p>\n<\/div><\/div><\/div><style type=\"text\/css\">.fusion-accordian  #accordion-10907-1 .panel-0eb1db2e9cadb02d2 .panel-title a{}.fusion-accordian  #accordion-10907-1 .panel-0eb1db2e9cadb02d2 .toggle-content{}<\/style><div class=\"fusion-panel panel-default panel-0eb1db2e9cadb02d2 fusion-toggle-no-divider fusion-toggle-boxed-mode\"><div class=\"panel-heading\"><h4 class=\"panel-title toggle\"><a aria-expanded=\"false\" aria-controls=\"0eb1db2e9cadb02d2\" role=\"button\" data-toggle=\"collapse\" data-parent=\"#accordion-10907-1\" data-target=\"#0eb1db2e9cadb02d2\" href=\"#0eb1db2e9cadb02d2\"><span class=\"fusion-toggle-icon-wrapper\" aria-hidden=\"true\"><i class=\"fa-fusion-box active-icon awb-icon-minus\" aria-hidden=\"true\"><\/i><i class=\"fa-fusion-box inactive-icon awb-icon-plus\" aria-hidden=\"true\"><\/i><\/span><span class=\"fusion-toggle-heading\">Fotografieren Sie formelle Fotos, Fotos mit Familie, Portr\u00e4ts, etc.?<\/span><\/a><\/h4><\/div><div id=\"0eb1db2e9cadb02d2\" class=\"panel-collapse collapse \"><div class=\"panel-body toggle-content fusion-clearfix\">\n<p style=\"text-align: left;\">Ja, sicher. Solange sie den ordnungsgem\u00e4\u00dfen Abschluss des Hauptprojekts nicht verhindert.<\/p>\n<\/div><\/div><\/div><style type=\"text\/css\">.fusion-accordian  #accordion-10907-1 .panel-845d8ecd15899014f .panel-title a{}.fusion-accordian  #accordion-10907-1 .panel-845d8ecd15899014f .toggle-content{}<\/style><div class=\"fusion-panel panel-default panel-845d8ecd15899014f fusion-toggle-no-divider fusion-toggle-boxed-mode\"><div class=\"panel-heading\"><h4 class=\"panel-title toggle\"><a aria-expanded=\"false\" aria-controls=\"845d8ecd15899014f\" role=\"button\" data-toggle=\"collapse\" data-parent=\"#accordion-10907-1\" data-target=\"#845d8ecd15899014f\" href=\"#845d8ecd15899014f\"><span class=\"fusion-toggle-icon-wrapper\" aria-hidden=\"true\"><i class=\"fa-fusion-box active-icon awb-icon-minus\" aria-hidden=\"true\"><\/i><i class=\"fa-fusion-box inactive-icon awb-icon-plus\" aria-hidden=\"true\"><\/i><\/span><span class=\"fusion-toggle-heading\">Bieten Sie Fotob\u00fccher an und drucken Sie Fotos?<\/span><\/a><\/h4><\/div><div id=\"845d8ecd15899014f\" class=\"panel-collapse collapse \"><div class=\"panel-body toggle-content fusion-clearfix\">\n<p style=\"text-align: left;\">Ja, mit Freude. Sie k\u00f6nnen alles dar\u00fcber <a href=\"https:\/\/leonbijelic.com\/de\/book\/\" target=\"_blank\" rel=\"noopener noreferrer\">hier<\/a> sehen.<\/p>\n<\/div><\/div><\/div><style type=\"text\/css\">.fusion-accordian  #accordion-10907-1 .panel-1eaaf9e964e6e35d1 .panel-title a{}.fusion-accordian  #accordion-10907-1 .panel-1eaaf9e964e6e35d1 .toggle-content{}<\/style><div class=\"fusion-panel panel-default panel-1eaaf9e964e6e35d1 fusion-toggle-no-divider fusion-toggle-boxed-mode\"><div class=\"panel-heading\"><h4 class=\"panel-title toggle\"><a aria-expanded=\"false\" aria-controls=\"1eaaf9e964e6e35d1\" role=\"button\" data-toggle=\"collapse\" data-parent=\"#accordion-10907-1\" data-target=\"#1eaaf9e964e6e35d1\" href=\"#1eaaf9e964e6e35d1\"><span class=\"fusion-toggle-icon-wrapper\" aria-hidden=\"true\"><i class=\"fa-fusion-box active-icon awb-icon-minus\" aria-hidden=\"true\"><\/i><i class=\"fa-fusion-box inactive-icon awb-icon-plus\" aria-hidden=\"true\"><\/i><\/span><span class=\"fusion-toggle-heading\">Welches Ger\u00e4t verwenden Sie?<\/span><\/a><\/h4><\/div><div id=\"1eaaf9e964e6e35d1\" class=\"panel-collapse collapse \"><div class=\"panel-body toggle-content fusion-clearfix\">\n<blockquote><p><strong>Meine Hauptkamera ist die Canon 1Dx mit folgenden Linsen:<\/strong><br \/>\n<strong>Canon 14mm f\/2.8,<\/strong><br \/>\n<strong>Canon 16-35mm f\/2.8,<\/strong><br \/>\n<strong>Canon 17-40mm f\/4,<\/strong><br \/>\n<strong>Canon 24-105mm f\/4,<\/strong><br \/>\n<strong>Canon 70-200mm f\/2.8,<\/strong><br \/>\n<strong>Canon 50mm f\/1.4,<\/strong><br \/>\n<strong>Canon 85mm f\/1.8 und anderes Zubeh\u00f6r.<\/strong><\/p><\/blockquote>\n<\/div><\/div><\/div><style type=\"text\/css\">.fusion-accordian  #accordion-10907-1 .panel-ca38cb28b763ca663 .panel-title a{}.fusion-accordian  #accordion-10907-1 .panel-ca38cb28b763ca663 .toggle-content{}<\/style><div class=\"fusion-panel panel-default panel-ca38cb28b763ca663 fusion-toggle-no-divider fusion-toggle-boxed-mode\"><div class=\"panel-heading\"><h4 class=\"panel-title toggle\"><a aria-expanded=\"false\" aria-controls=\"ca38cb28b763ca663\" role=\"button\" data-toggle=\"collapse\" data-parent=\"#accordion-10907-1\" data-target=\"#ca38cb28b763ca663\" href=\"#ca38cb28b763ca663\"><span class=\"fusion-toggle-icon-wrapper\" aria-hidden=\"true\"><i class=\"fa-fusion-box active-icon awb-icon-minus\" aria-hidden=\"true\"><\/i><i class=\"fa-fusion-box inactive-icon awb-icon-plus\" aria-hidden=\"true\"><\/i><\/span><span class=\"fusion-toggle-heading\">Was passiert, wenn Sie krank werden oder nicht in der Lage sind, zu dem vereinbarten Termin zu kommen?<\/span><\/a><\/h4><\/div><div id=\"ca38cb28b763ca663\" class=\"panel-collapse collapse \"><div class=\"panel-body toggle-content fusion-clearfix\">\n<p>Bisher hatte ich keine unangenehmen Erfahrungen wie diese. Falls es passierten sollte, w\u00fcrde ich nach einem ad\u00e4quaten Ersatz suchen, oder wir k\u00f6nnten die Termine \u00e4ndern, solange diese \u00c4nderungen keines der Aspekt unserer Vereinbarung und Zusammenarbeit st\u00f6ren.<\/p>\n<\/div><\/div><\/div><style type=\"text\/css\">.fusion-accordian  #accordion-10907-1 .panel-00292e171d873b88d .panel-title a{}.fusion-accordian  #accordion-10907-1 .panel-00292e171d873b88d .toggle-content{}<\/style><div class=\"fusion-panel panel-default panel-00292e171d873b88d fusion-toggle-no-divider fusion-toggle-boxed-mode\"><div class=\"panel-heading\"><h4 class=\"panel-title toggle\"><a aria-expanded=\"false\" aria-controls=\"00292e171d873b88d\" role=\"button\" data-toggle=\"collapse\" data-parent=\"#accordion-10907-1\" data-target=\"#00292e171d873b88d\" href=\"#00292e171d873b88d\"><span class=\"fusion-toggle-icon-wrapper\" aria-hidden=\"true\"><i class=\"fa-fusion-box active-icon awb-icon-minus\" aria-hidden=\"true\"><\/i><i class=\"fa-fusion-box inactive-icon awb-icon-plus\" aria-hidden=\"true\"><\/i><\/span><span class=\"fusion-toggle-heading\">Arbeiten Sie mit einem Assistenten?<\/span><\/a><\/h4><\/div><div id=\"00292e171d873b88d\" class=\"panel-collapse collapse \"><div class=\"panel-body toggle-content fusion-clearfix\">\n<p style=\"text-align: left;\">Normalerweise arbeite ich alleine.<\/p>\n<\/div><\/div><\/div><style type=\"text\/css\">.fusion-accordian  #accordion-10907-1 .panel-a889f369e0bff8f5f .panel-title a{}.fusion-accordian  #accordion-10907-1 .panel-a889f369e0bff8f5f .toggle-content{}<\/style><div class=\"fusion-panel panel-default panel-a889f369e0bff8f5f fusion-toggle-no-divider fusion-toggle-boxed-mode\"><div class=\"panel-heading\"><h4 class=\"panel-title toggle\"><a aria-expanded=\"false\" aria-controls=\"a889f369e0bff8f5f\" role=\"button\" data-toggle=\"collapse\" data-parent=\"#accordion-10907-1\" data-target=\"#a889f369e0bff8f5f\" href=\"#a889f369e0bff8f5f\"><span class=\"fusion-toggle-icon-wrapper\" aria-hidden=\"true\"><i class=\"fa-fusion-box active-icon awb-icon-minus\" aria-hidden=\"true\"><\/i><i class=\"fa-fusion-box inactive-icon awb-icon-plus\" aria-hidden=\"true\"><\/i><\/span><span class=\"fusion-toggle-heading\">Wie arbeite ich mit Ihnen zusammen?<\/span><\/a><\/h4><\/div><div id=\"a889f369e0bff8f5f\" class=\"panel-collapse collapse \"><div class=\"panel-body toggle-content fusion-clearfix\">\n<p style=\"text-align: left;\">F\u00fcllen Sie das <a href=\"https:\/\/leonbijelic.com\/de\/kontakt\/\">Kontaktformular form<\/a> mit so vielen Detailinformationen wie m\u00f6glich aus.<\/p>\n<\/div><\/div><\/div><style type=\"text\/css\">.fusion-accordian  #accordion-10907-1 .panel-23fdf9be68de4e32d .panel-title a{}.fusion-accordian  #accordion-10907-1 .panel-23fdf9be68de4e32d .toggle-content{}<\/style><div class=\"fusion-panel panel-default panel-23fdf9be68de4e32d fusion-toggle-no-divider fusion-toggle-boxed-mode\"><div class=\"panel-heading\"><h4 class=\"panel-title toggle\"><a aria-expanded=\"false\" aria-controls=\"23fdf9be68de4e32d\" role=\"button\" data-toggle=\"collapse\" data-parent=\"#accordion-10907-1\" data-target=\"#23fdf9be68de4e32d\" href=\"#23fdf9be68de4e32d\"><span class=\"fusion-toggle-icon-wrapper\" aria-hidden=\"true\"><i class=\"fa-fusion-box active-icon awb-icon-minus\" aria-hidden=\"true\"><\/i><i class=\"fa-fusion-box inactive-icon awb-icon-plus\" aria-hidden=\"true\"><\/i><\/span><span class=\"fusion-toggle-heading\">Darf ich Ihre Beitr\u00e4ge \/ Fotos auf meinem Blog, meinen sozialen Medien, etc. angeben?<\/span><\/a><\/h4><\/div><div id=\"23fdf9be68de4e32d\" class=\"panel-collapse collapse \"><div class=\"panel-body toggle-content fusion-clearfix\">\n<p style=\"text-align: left;\">Ja, mit Quellenangabe. Mit einem Link der auf die Seite <em>www.leonbijelic.com<\/em> zur\u00fcckf\u00fchrt und keinen \u00c4nderungen. Alle Fotos \/ Beitr\u00e4ge sind von mir urheberrechtlich gesch\u00fctzt und zuerst muss eine Erlaubnis beantragt werden.<\/p>\n<\/div><\/div><\/div><\/div><\/div>\n<\/div><style type=\"text\/css\">.fusion-body .fusion-builder-column-0{width:100% !important;margin-top : 0px;margin-bottom : 30px;}.fusion-builder-column-0 > .fusion-column-wrapper {padding-top : 0px !important;padding-right : 0px !important;margin-right : 0px;padding-bottom : 0px !important;padding-left : 0px !important;margin-left : 0px;}@media only screen and (max-width:1024px) {.fusion-body .fusion-builder-column-0{width:100% !important;}.fusion-builder-column-0 > .fusion-column-wrapper {margin-right : 0px;margin-left : 0px;}}@media only screen and (max-width:410px) {.fusion-body .fusion-builder-column-0{width:100% !important;}.fusion-builder-column-0 > .fusion-column-wrapper {margin-right : 0px;margin-left : 0px;}}<\/style><\/div><\/div><style type=\"text\/css\">.fusion-body .fusion-flex-container.fusion-builder-row-1{ padding-top : 20px;margin-top : 0px;padding-right : 0px;padding-bottom : 20px;margin-bottom : 0px;padding-left : 0px;}<\/style><\/div>\n<div class=\"fcbkbttn_buttons_block\" id=\"fcbkbttn_middle\"><div class=\"fcbkbttn_like \"><fb:like href=\"https:\/\/leonbijelic.com\/de\/faq\/\" action=\"like\" colorscheme=\"light\" layout=\"box_count\"  size=\"small\"><\/fb:like><\/div><\/div>","protected":false},"excerpt":{"rendered":"","protected":false},"author":4,"featured_media":0,"parent":0,"menu_order":0,"comment_status":"closed","ping_status":"closed","template":"","meta":{"footnotes":""},"class_list":["post-10907","page","type-page","status-publish","hentry"],"translation":{"provider":"WPGlobus","version":"3.0.0","language":"de","enabled_languages":["sr","en","de"],"languages":{"sr":{"title":true,"content":true,"excerpt":false},"en":{"title":false,"content":true,"excerpt":false},"de":{"title":false,"content":true,"excerpt":false}}},"yoast_head":"<!-- This site is optimized with the Yoast SEO plugin v24.8.1 - https:\/\/yoast.com\/wordpress\/plugins\/seo\/ -->\n<title>Leon Bijelic Photographer, Entrepreneur and Writer<\/title>\n<meta name=\"robots\" content=\"index, follow, max-snippet:-1, max-image-preview:large, max-video-preview:-1\" \/>\n<link rel=\"canonical\" href=\"https:\/\/leonbijelic.com\/faq\/\" \/>\n<meta property=\"og:locale\" content=\"de_DE\" \/>\n<meta property=\"og:type\" content=\"article\" \/>\n<meta property=\"og:title\" content=\"Leon Bijelic Photographer, Entrepreneur and Writer\" \/>\n<meta property=\"og:url\" content=\"https:\/\/leonbijelic.com\/faq\/\" \/>\n<meta property=\"og:site_name\" content=\"Leon Bijelic - Fotografie von Essen, Portraits und Architektur\" \/>\n<meta property=\"article:publisher\" content=\"https:\/\/www.facebook.com\/leonbijelicphotography\/\" \/>\n<meta property=\"article:modified_time\" content=\"2018-12-27T23:50:49+00:00\" \/>\n<meta name=\"twitter:card\" content=\"summary_large_image\" \/>\n<meta name=\"twitter:site\" content=\"@LeonBijelic\" \/>\n<meta name=\"twitter:label1\" content=\"Est. reading time\" \/>\n\t<meta name=\"twitter:data1\" content=\"10 minutes\" \/>\n<script type=\"application\/ld+json\" class=\"yoast-schema-graph\">{\"@context\":\"https:\/\/schema.org\",\"@graph\":[{\"@type\":\"WebPage\",\"@id\":\"https:\/\/leonbijelic.com\/faq\/\",\"url\":\"https:\/\/leonbijelic.com\/faq\/\",\"name\":\"Leon Bijelic Photographer, Entrepreneur and Writer\",\"isPartOf\":{\"@id\":\"https:\/\/leonbijelic.com\/#website\"},\"datePublished\":\"2017-04-28T22:35:20+00:00\",\"dateModified\":\"2018-12-27T23:50:49+00:00\",\"description\":\"As a content creator and a professional photographer I\u2019m traveling through the world and working on a various projects for many different companies. I enjoy doing portraits and photos through interesting travels, small private weddings, events, lectures and seminars.\",\"breadcrumb\":{\"@id\":\"https:\/\/leonbijelic.com\/faq\/#breadcrumb\"},\"inLanguage\":\"de-DE\",\"potentialAction\":[{\"@type\":\"ReadAction\",\"target\":[\"https:\/\/leonbijelic.com\/faq\/\"]}]},{\"@type\":\"BreadcrumbList\",\"@id\":\"https:\/\/leonbijelic.com\/faq\/#breadcrumb\",\"itemListElement\":[{\"@type\":\"ListItem\",\"position\":1,\"name\":\"Home\",\"item\":\"https:\/\/leonbijelic.com\/\"},{\"@type\":\"ListItem\",\"position\":2,\"name\":\"FAQ\"}]},{\"@type\":\"WebSite\",\"@id\":\"https:\/\/leonbijelic.com\/#website\",\"url\":\"https:\/\/leonbijelic.com\/\",\"name\":\"Leon Bijelic\",\"description\":\"Leon Bijelic - Fotografie von Essen, Portraits und Architektur\",\"potentialAction\":[{\"@type\":\"SearchAction\",\"target\":{\"@type\":\"EntryPoint\",\"urlTemplate\":\"https:\/\/leonbijelic.com\/?s={search_term_string}\"},\"query-input\":{\"@type\":\"PropertyValueSpecification\",\"valueRequired\":true,\"valueName\":\"search_term_string\"}}],\"inLanguage\":\"de-DE\"}]}<\/script>\n<!-- \/ Yoast SEO plugin. -->","yoast_head_json":{"title":"Leon Bijelic Photographer, Entrepreneur and Writer","robots":{"index":"index","follow":"follow","max-snippet":"max-snippet:-1","max-image-preview":"max-image-preview:large","max-video-preview":"max-video-preview:-1"},"canonical":"https:\/\/leonbijelic.com\/faq\/","og_locale":"de_DE","og_type":"article","og_title":"Leon Bijelic Photographer, Entrepreneur and Writer","og_url":"https:\/\/leonbijelic.com\/faq\/","og_site_name":"Leon Bijelic - Fotografie von Essen, Portraits und Architektur","article_publisher":"https:\/\/www.facebook.com\/leonbijelicphotography\/","article_modified_time":"2018-12-27T23:50:49+00:00","twitter_card":"summary_large_image","twitter_site":"@LeonBijelic","twitter_misc":{"Est. reading time":"10 minutes"},"schema":{"@context":"https:\/\/schema.org","@graph":[{"@type":"WebPage","@id":"https:\/\/leonbijelic.com\/faq\/","url":"https:\/\/leonbijelic.com\/faq\/","name":"Leon Bijelic Photographer, Entrepreneur and Writer","isPartOf":{"@id":"https:\/\/leonbijelic.com\/#website"},"datePublished":"2017-04-28T22:35:20+00:00","dateModified":"2018-12-27T23:50:49+00:00","description":"As a content creator and a professional photographer I\u2019m traveling through the world and working on a various projects for many different companies. I enjoy doing portraits and photos through interesting travels, small private weddings, events, lectures and seminars.","breadcrumb":{"@id":"https:\/\/leonbijelic.com\/faq\/#breadcrumb"},"inLanguage":"de-DE","potentialAction":[{"@type":"ReadAction","target":["https:\/\/leonbijelic.com\/faq\/"]}]},{"@type":"BreadcrumbList","@id":"https:\/\/leonbijelic.com\/faq\/#breadcrumb","itemListElement":[{"@type":"ListItem","position":1,"name":"Home","item":"https:\/\/leonbijelic.com\/"},{"@type":"ListItem","position":2,"name":"FAQ"}]},{"@type":"WebSite","@id":"https:\/\/leonbijelic.com\/#website","url":"https:\/\/leonbijelic.com\/","name":"Leon Bijelic","description":"Leon Bijelic - Fotografie von Essen, Portraits und Architektur","potentialAction":[{"@type":"SearchAction","target":{"@type":"EntryPoint","urlTemplate":"https:\/\/leonbijelic.com\/?s={search_term_string}"},"query-input":{"@type":"PropertyValueSpecification","valueRequired":true,"valueName":"search_term_string"}}],"inLanguage":"de-DE"}]}},"_links":{"self":[{"href":"https:\/\/leonbijelic.com\/de\/wp-json\/wp\/v2\/pages\/10907","targetHints":{"allow":["GET"]}}],"collection":[{"href":"https:\/\/leonbijelic.com\/de\/wp-json\/wp\/v2\/pages"}],"about":[{"href":"https:\/\/leonbijelic.com\/de\/wp-json\/wp\/v2\/types\/page"}],"author":[{"embeddable":true,"href":"https:\/\/leonbijelic.com\/de\/wp-json\/wp\/v2\/users\/4"}],"replies":[{"embeddable":true,"href":"https:\/\/leonbijelic.com\/de\/wp-json\/wp\/v2\/comments?post=10907"}],"version-history":[{"count":9,"href":"https:\/\/leonbijelic.com\/de\/wp-json\/wp\/v2\/pages\/10907\/revisions"}],"predecessor-version":[{"id":20222,"href":"https:\/\/leonbijelic.com\/de\/wp-json\/wp\/v2\/pages\/10907\/revisions\/20222"}],"wp:attachment":[{"href":"https:\/\/leonbijelic.com\/de\/wp-json\/wp\/v2\/media?parent=10907"}],"curies":[{"name":"wp","href":"https:\/\/api.w.org\/{rel}","templated":true}]}}