{"id":10362,"date":"2017-04-10T02:51:57","date_gmt":"2017-04-10T02:51:57","guid":{"rendered":"http:\/\/leonbijelic.com\/?page_id=10362"},"modified":"2017-04-10T02:53:03","modified_gmt":"2017-04-10T02:53:03","slug":"usluge_test","status":"publish","type":"page","link":"https:\/\/leonbijelic.com\/de\/usluge_test\/","title":{"rendered":"Usluge_Test"},"content":{"rendered":"<div class=\"fusion-fullwidth fullwidth-box fusion-builder-row-1 fusion-flex-container nonhundred-percent-fullwidth non-hundred-percent-height-scrolling\" style=\"background-color: #ffffff;background-position: center center;background-repeat: no-repeat;border-width: 0px 0px 0px 0px;border-color:#eae9e9;border-style:solid;\" ><div class=\"fusion-builder-row fusion-row fusion-flex-align-items-flex-start\" style=\"max-width:calc( 1100px + 0px );margin-left: calc(-0px \/ 2 );margin-right: calc(-0px \/ 2 );\"><div class=\"fusion-layout-column fusion_builder_column fusion-builder-column-0 fusion_builder_column_1_1 1_1 fusion-flex-column\"><div class=\"fusion-column-wrapper fusion-flex-justify-content-flex-start fusion-content-layout-column\" style=\"background-position:left top;background-repeat:no-repeat;-webkit-background-size:cover;-moz-background-size:cover;-o-background-size:cover;background-size:cover;padding: 0px 0px 0px 0px;\"><div class=\"fusion-text fusion-text-1\"><h1><span style=\"font-size: 36pt;\">Usluge<\/span><\/h1>\n<hr \/>\n<\/div><div class=\"fusion-text fusion-text-2\"><h4>Zapitajte se da li je va\u0161 brend prisutan tamo gdje je to najbitnije? Da li uspijevate inspirisati svoje korisnike na akciju?<\/h4>\n<p>Razli\u010diti brendovi zahtijevaju razli\u010dit pristup, a\u00a0mnogima\u00a0je te\u0161ko prona\u0107i najbolji. Sre\u0107om tu smo mi da vas usmjerimo i ponudimo digitalna\u00a0rje\u0161enja od kojih \u0107ete imati najvi\u0161e koristi.<\/p>\n<h1>Content marketing<\/h1>\n<div class=\"vc_empty_space\">\u00a0Uz sve promjene koje se de\u0161avaju u digitalnom marketingu, jedna stvar ostaje stalna, a to je zna\u010daj contenta za uspje\u0161nu kampanju. To ne zna\u010di da je svaki content dobar. Zato smo\u00a0ovdje u Grape-u podesili na\u0161e filtere tako da kroz njih prolazi samo onaj sadr\u017eaj koji se pamti, donosi rezultate i tjera va\u0161e korisnike na akciju koja \u0107e vam donijeti korist. Da bi to postigli svakoj kampanji prilazimo kroz tri osnovna koraka:<\/div>\n<div class=\"vc_empty_space\"><\/div>\n<div class=\"vc_empty_space\">\n<div class=\"wpb_single_image wpb_content_element vc_align_left\">\n<div class=\"wpb_wrapper vc_single_image-wrapper \">\n<div class=\"container\">\n<div class=\"gridimg-wrap static\">\n<div class=\"img \"><img fetchpriority=\"high\" decoding=\"async\" class=\"vc_single_image-img attachment-full\" src=\"https:\/\/grape.ba\/wp-content\/uploads\/2015\/11\/grape-usluge-content-marketing.jpg\" sizes=\"(max-width: 900px) 100vw, 900px\" srcset=\"https:\/\/grape.ba\/wp-content\/uploads\/2015\/11\/grape-usluge-content-marketing.jpg 900w, https:\/\/grape.ba\/wp-content\/uploads\/2015\/11\/grape-usluge-content-marketing-300x83.jpg 300w, https:\/\/grape.ba\/wp-content\/uploads\/2015\/11\/grape-usluge-content-marketing-768x212.jpg 768w\" alt=\"grape usluge content marketing\" width=\"900\" height=\"248\" \/><\/div>\n<\/div>\n<\/div>\n<\/div>\n<\/div>\n<div class=\"vc_empty_space\">\n<table style=\"height: 46px;\" width=\"828\">\n<tbody>\n<tr>\n<td style=\"width: 268px; text-align: center;\"><strong>a) Strategij<\/strong><strong>a<\/strong><br \/>\nContent bez strategije je beskoristan. Istra\u017eivanje i detaljna analiza tr\u017ei\u0161ta i ciljnih grupa samo su neki od koraka koje je neophodno pro\u0107i kako bi va\u0161a poruka postala mnogo vi\u0161e od obi\u010dnih rije\u010di.<\/td>\n<td style=\"width: 269px; text-align: center;\"><strong>b) Stvaranje<br \/>\n<\/strong>Pisanje je ono \u0161to volimo, a iskustvo nas je nau\u010dilo da razlikujemo\u00a0dobar sadr\u017eaj od lo\u0161eg. I sami smo sebi najstro\u017ea\u00a0kritika. Cilj nam je stvarati sadr\u017eaj koji \u0107e vam donijeti brze rezultate a dugoro\u010dnu korist.<\/td>\n<td style=\"width: 269px; text-align: center;\"><strong>c) Plasiranje<br \/>\n<\/strong>I kvalitetan\u00a0content ukoliko nije plasiran na pravi na\u010din ne\u0107e posti\u0107i rezultate. Uspje\u0161no\u00a0plasiranje daleko je vi\u0161e od boostovanog posta na dru\u0161tvenim mre\u017eama jer razli\u010dite grupe korisnika zahtijevaju razli\u010dite pristupe.<\/td>\n<\/tr>\n<\/tbody>\n<\/table>\n<\/div>\n<div class=\"vc_row wpb_row vc_inner row content-faze\">\n<div class=\"wpb_column vc_column_container vc_col-sm-4\"><\/div>\n<div class=\"wpb_column vc_column_container vc_col-sm-4\">\n<div class=\"vc_column-inner \">\n<div class=\"wpb_wrapper\">\n<div class=\"wpb_text_column wpb_content_element \">\n<div class=\"wpb_wrapper\">\n<h2>SEO<\/h2>\n<p>SEO (<em>Search Engine Optimization) <\/em>je na\u010din da sajt na kom predstavljate svoj posao bude pozicioniran me\u0111u prvim rezultatima na pretra\u017eiva\u010du. Tako \u0107ete dobiti najefikasniji saobra\u0107aj, onaj koji konvertuje i daje \u017eeljenu reakciju.<\/p>\n<p><strong><img decoding=\"async\" class=\"alignnone size-full wp-image-4842\" src=\"https:\/\/grape.ba\/wp-content\/uploads\/2016\/10\/grape-usluge-search-engine-optimization.jpg\" alt=\"grape usluge seo\" width=\"900\" height=\"248\" \/><\/strong><br \/>\nNa\u0161 zadatak je da vam osiguramo mjesto u prvim rezultatima pretraga. Kako? Tako \u0161to gradimo relevantan i kvalitetan sadr\u017eaj vrijedan kontinuiranog interesovanja.<\/p>\n<p>Cijena za SEO usluge zavisi od broja dana ili mjeseci koji su nam potrebni da vam obezbijedimo najbolji rezultat, \u0161to zavisi od toga \u0161ta \u017eelite da postignete i kolika je konkurencija u va\u0161oj industriji. Ne prodajemo pakete, svi pregovori su zasnovani na va\u0161im specifi\u010dnim zahtjevima.<\/p>\n<\/div>\n<h2>Paid Advertising<\/h2>\n<p>Kad po\u017eelite ne\u0161to \u0161to donosi <strong>brze rezultate<\/strong>, mjerljivo je i pri tom ne zahtijeva velike bud\u017eete, preporu\u010dili bismo vam paid advertising. Koristimo se vje\u0161to Google Adwords i Facebook Ads platformama za pla\u0107eno ogla\u0161avanje. Spremni smo iza\u0107i u susret svim va\u0161im zahtjevima i prijedlozima kako biste vidjeli\u00a0brze i konkretne rezultate.<\/p>\n<p><center><img decoding=\"async\" class=\"aligncenter wp-image-5020\" src=\"https:\/\/grape.ba\/wp-content\/uploads\/2015\/11\/grape-paid-advertising-platforme-300x42.jpg\" sizes=\"(max-width: 375px) 100vw, 375px\" srcset=\"https:\/\/grape.ba\/wp-content\/uploads\/2015\/11\/grape-paid-advertising-platforme-300x42.jpg 300w, https:\/\/grape.ba\/wp-content\/uploads\/2015\/11\/grape-paid-advertising-platforme.jpg 500w\" alt=\"grape paid advertising platforme\" width=\"375\" height=\"52\" \/><\/center>&nbsp;<\/p>\n<h3><b>Display Advertising &amp; Remarketing<\/b><\/h3>\n<p>Zakup online medija nikad nije bio lak\u0161i, br\u017ei i jeftiniji. Va\u0161u poruku u obliku banera ili videa mo\u017eemo postaviti na ve\u0107ini vode\u0107ih portala (lokalni, regionalni i svjetski). Mo\u017eemo targetovati\u00a0samo specifi\u010dne grupe ljudi koje \u017eelite i\u00a0ciljati u sr\u017e onog \u0161to va\u0161i kupci \u017eele.<\/p>\n<p>Pored toga nudimo i uslugu remarketing kampanja koje \u0107e va\u0161e dosada\u0161nje posjetioce ili kupce, kad god su online, podsjetiti na neki va\u0161 novi proizvod, popust ili ih napomenuti na proizvode koje su ranije gledali.<\/p>\n<\/div>\n<h3>Search Marketing<\/h3>\n<p>SEM (<em>Search Engine Marketing<\/em>) va\u0161em biznisu nudi mogu\u0107nost da se odmah pojavi na prvom mjestu Google pretra\u017eiva\u010da za \u017eeljene klju\u010dne rije\u010di.<\/p>\n<p><img loading=\"lazy\" decoding=\"async\" class=\"alignnone size-full wp-image-4864\" src=\"https:\/\/grape.ba\/wp-content\/uploads\/2015\/11\/grape-usluge-paid-advertising.jpg\" sizes=\"(max-width: 900px) 100vw, 900px\" srcset=\"https:\/\/grape.ba\/wp-content\/uploads\/2015\/11\/grape-usluge-paid-advertising.jpg 900w, https:\/\/grape.ba\/wp-content\/uploads\/2015\/11\/grape-usluge-paid-advertising-300x83.jpg 300w, https:\/\/grape.ba\/wp-content\/uploads\/2015\/11\/grape-usluge-paid-advertising-768x212.jpg 768w\" alt=\"grape usluge paid advertising\" width=\"900\" height=\"248\" \/><\/p>\n<p>Za vas istra\u017eujemo potencijalne klju\u010dne rije\u010di nad kojima imamo potpunu kontrolu, jednaku kao i nad bud\u017eetom za kampanju. Pratimo konverziju i dostavljamo rezultate odmah pa\u00a0mo\u017eete biti sigurni da svaki cent koji ulo\u017eite u SEM kampanju radi tako da unaprijedi va\u0161 posao.<\/p>\n<h3>Social Media Advertising<\/h3>\n<p>Uz na\u0161u pa\u017eljivo osmi\u0161ljenu i pametno targetovanu Social Media uslugu prenosimo va\u0161u poruku kroz razli\u010dite dru\u0161tvene mre\u017ee. Poma\u017eemo va\u0161em biznisu da se spoji sa kupcima i predstavljamo va\u0161 brand korisnicima tamo gdje su svaki dan najaktivniji.<\/p>\n<p>Ukoliko niste sigurni koja od usluga je idealna za va\u0161 biznis, <a href=\"https:\/\/grape.ba\/kontakt\/\">kontaktirajte nas<\/a> kako bismo vam ponudili najbolja rje\u0161enja za va\u0161 uspjeh kroz digitalne kanale i na\u010dine promocije.<\/p>\n<\/div>\n<\/div>\n<\/div>\n<div class=\"wpb_column vc_column_container vc_col-sm-4\"><\/div>\n<\/div>\n<\/div>\n<\/div><\/div><style type=\"text\/css\">.fusion-body .fusion-builder-column-0{width:100% !important;margin-top : 0px;margin-bottom : 30px;}.fusion-builder-column-0 > .fusion-column-wrapper {padding-top : 0px !important;padding-right : 0px !important;margin-right : 0px;padding-bottom : 0px !important;padding-left : 0px !important;margin-left : 0px;}@media only screen and (max-width:1024px) {.fusion-body .fusion-builder-column-0{width:100% !important;}.fusion-builder-column-0 > .fusion-column-wrapper {margin-right : 0px;margin-left : 0px;}}@media only screen and (max-width:410px) {.fusion-body .fusion-builder-column-0{width:100% !important;}.fusion-builder-column-0 > .fusion-column-wrapper {margin-right : 0px;margin-left : 0px;}}<\/style><\/div><\/div><style type=\"text\/css\">.fusion-body .fusion-flex-container.fusion-builder-row-1{ padding-top : 0px;margin-top : 0px;padding-right : 0px;padding-bottom : 0px;margin-bottom : 0px;padding-left : 0px;}<\/style><\/div>\n<div class=\"fcbkbttn_buttons_block\" id=\"fcbkbttn_middle\"><div class=\"fcbkbttn_like \"><fb:like href=\"https:\/\/leonbijelic.com\/de\/usluge_test\/\" action=\"like\" colorscheme=\"light\" layout=\"box_count\"  size=\"small\"><\/fb:like><\/div><\/div>","protected":false},"excerpt":{"rendered":"","protected":false},"author":4,"featured_media":0,"parent":0,"menu_order":0,"comment_status":"closed","ping_status":"closed","template":"","meta":{"footnotes":""},"class_list":["post-10362","page","type-page","status-publish","hentry"],"translation":{"provider":"WPGlobus","version":"3.0.0","language":"de","enabled_languages":["sr","en","de"],"languages":{"sr":{"title":true,"content":true,"excerpt":false},"en":{"title":false,"content":false,"excerpt":false},"de":{"title":false,"content":false,"excerpt":false}}},"yoast_head":"<!-- This site is optimized with the Yoast SEO plugin v24.8.1 - https:\/\/yoast.com\/wordpress\/plugins\/seo\/ -->\n<title>Leon Bijelic Photographer, Entrepreneur and Writer<\/title>\n<meta name=\"robots\" content=\"index, follow, max-snippet:-1, max-image-preview:large, max-video-preview:-1\" \/>\n<link rel=\"canonical\" href=\"https:\/\/leonbijelic.com\/usluge_test\/\" \/>\n<meta property=\"og:locale\" content=\"de_DE\" \/>\n<meta property=\"og:type\" content=\"article\" \/>\n<meta property=\"og:title\" content=\"Leon Bijelic Photographer, Entrepreneur and Writer\" \/>\n<meta property=\"og:url\" content=\"https:\/\/leonbijelic.com\/usluge_test\/\" \/>\n<meta property=\"og:site_name\" content=\"Leon Bijelic - Fotografie von Essen, Portraits und Architektur\" \/>\n<meta property=\"article:publisher\" content=\"https:\/\/www.facebook.com\/leonbijelicphotography\/\" \/>\n<meta property=\"article:modified_time\" content=\"2017-04-10T02:53:03+00:00\" \/>\n<meta property=\"og:image\" content=\"https:\/\/grape.ba\/wp-content\/uploads\/2015\/11\/grape-usluge-content-marketing.jpg\" \/>\n<meta name=\"twitter:card\" content=\"summary_large_image\" \/>\n<meta name=\"twitter:site\" content=\"@LeonBijelic\" \/>\n<meta name=\"twitter:label1\" content=\"Est. reading time\" \/>\n\t<meta name=\"twitter:data1\" content=\"4 minutes\" \/>\n<script type=\"application\/ld+json\" class=\"yoast-schema-graph\">{\"@context\":\"https:\/\/schema.org\",\"@graph\":[{\"@type\":\"WebPage\",\"@id\":\"https:\/\/leonbijelic.com\/usluge_test\/\",\"url\":\"https:\/\/leonbijelic.com\/usluge_test\/\",\"name\":\"Leon Bijelic Photographer, Entrepreneur and Writer\",\"isPartOf\":{\"@id\":\"https:\/\/leonbijelic.com\/#website\"},\"primaryImageOfPage\":{\"@id\":\"https:\/\/leonbijelic.com\/usluge_test\/#primaryimage\"},\"image\":{\"@id\":\"https:\/\/leonbijelic.com\/usluge_test\/#primaryimage\"},\"thumbnailUrl\":\"https:\/\/grape.ba\/wp-content\/uploads\/2015\/11\/grape-usluge-content-marketing.jpg\",\"datePublished\":\"2017-04-10T02:51:57+00:00\",\"dateModified\":\"2017-04-10T02:53:03+00:00\",\"description\":\"As a content creator and a professional photographer I\u2019m traveling through the world and working on a various projects for many different companies. I enjoy doing portraits and photos through interesting travels, small private weddings, events, lectures and seminars.\",\"breadcrumb\":{\"@id\":\"https:\/\/leonbijelic.com\/usluge_test\/#breadcrumb\"},\"inLanguage\":\"de-DE\",\"potentialAction\":[{\"@type\":\"ReadAction\",\"target\":[\"https:\/\/leonbijelic.com\/usluge_test\/\"]}]},{\"@type\":\"ImageObject\",\"inLanguage\":\"de-DE\",\"@id\":\"https:\/\/leonbijelic.com\/usluge_test\/#primaryimage\",\"url\":\"https:\/\/grape.ba\/wp-content\/uploads\/2015\/11\/grape-usluge-content-marketing.jpg\",\"contentUrl\":\"https:\/\/grape.ba\/wp-content\/uploads\/2015\/11\/grape-usluge-content-marketing.jpg\"},{\"@type\":\"BreadcrumbList\",\"@id\":\"https:\/\/leonbijelic.com\/usluge_test\/#breadcrumb\",\"itemListElement\":[{\"@type\":\"ListItem\",\"position\":1,\"name\":\"Home\",\"item\":\"https:\/\/leonbijelic.com\/\"},{\"@type\":\"ListItem\",\"position\":2,\"name\":\"Usluge_Test\"}]},{\"@type\":\"WebSite\",\"@id\":\"https:\/\/leonbijelic.com\/#website\",\"url\":\"https:\/\/leonbijelic.com\/\",\"name\":\"Leon Bijelic\",\"description\":\"Leon Bijelic - Fotografie von Essen, Portraits und Architektur\",\"potentialAction\":[{\"@type\":\"SearchAction\",\"target\":{\"@type\":\"EntryPoint\",\"urlTemplate\":\"https:\/\/leonbijelic.com\/?s={search_term_string}\"},\"query-input\":{\"@type\":\"PropertyValueSpecification\",\"valueRequired\":true,\"valueName\":\"search_term_string\"}}],\"inLanguage\":\"de-DE\"}]}<\/script>\n<!-- \/ Yoast SEO plugin. -->","yoast_head_json":{"title":"Leon Bijelic Photographer, Entrepreneur and Writer","robots":{"index":"index","follow":"follow","max-snippet":"max-snippet:-1","max-image-preview":"max-image-preview:large","max-video-preview":"max-video-preview:-1"},"canonical":"https:\/\/leonbijelic.com\/usluge_test\/","og_locale":"de_DE","og_type":"article","og_title":"Leon Bijelic Photographer, Entrepreneur and Writer","og_url":"https:\/\/leonbijelic.com\/usluge_test\/","og_site_name":"Leon Bijelic - Fotografie von Essen, Portraits und Architektur","article_publisher":"https:\/\/www.facebook.com\/leonbijelicphotography\/","article_modified_time":"2017-04-10T02:53:03+00:00","og_image":[{"url":"https:\/\/grape.ba\/wp-content\/uploads\/2015\/11\/grape-usluge-content-marketing.jpg","type":"","width":"","height":""}],"twitter_card":"summary_large_image","twitter_site":"@LeonBijelic","twitter_misc":{"Est. reading time":"4 minutes"},"schema":{"@context":"https:\/\/schema.org","@graph":[{"@type":"WebPage","@id":"https:\/\/leonbijelic.com\/usluge_test\/","url":"https:\/\/leonbijelic.com\/usluge_test\/","name":"Leon Bijelic Photographer, Entrepreneur and Writer","isPartOf":{"@id":"https:\/\/leonbijelic.com\/#website"},"primaryImageOfPage":{"@id":"https:\/\/leonbijelic.com\/usluge_test\/#primaryimage"},"image":{"@id":"https:\/\/leonbijelic.com\/usluge_test\/#primaryimage"},"thumbnailUrl":"https:\/\/grape.ba\/wp-content\/uploads\/2015\/11\/grape-usluge-content-marketing.jpg","datePublished":"2017-04-10T02:51:57+00:00","dateModified":"2017-04-10T02:53:03+00:00","description":"As a content creator and a professional photographer I\u2019m traveling through the world and working on a various projects for many different companies. I enjoy doing portraits and photos through interesting travels, small private weddings, events, lectures and seminars.","breadcrumb":{"@id":"https:\/\/leonbijelic.com\/usluge_test\/#breadcrumb"},"inLanguage":"de-DE","potentialAction":[{"@type":"ReadAction","target":["https:\/\/leonbijelic.com\/usluge_test\/"]}]},{"@type":"ImageObject","inLanguage":"de-DE","@id":"https:\/\/leonbijelic.com\/usluge_test\/#primaryimage","url":"https:\/\/grape.ba\/wp-content\/uploads\/2015\/11\/grape-usluge-content-marketing.jpg","contentUrl":"https:\/\/grape.ba\/wp-content\/uploads\/2015\/11\/grape-usluge-content-marketing.jpg"},{"@type":"BreadcrumbList","@id":"https:\/\/leonbijelic.com\/usluge_test\/#breadcrumb","itemListElement":[{"@type":"ListItem","position":1,"name":"Home","item":"https:\/\/leonbijelic.com\/"},{"@type":"ListItem","position":2,"name":"Usluge_Test"}]},{"@type":"WebSite","@id":"https:\/\/leonbijelic.com\/#website","url":"https:\/\/leonbijelic.com\/","name":"Leon Bijelic","description":"Leon Bijelic - Fotografie von Essen, Portraits und Architektur","potentialAction":[{"@type":"SearchAction","target":{"@type":"EntryPoint","urlTemplate":"https:\/\/leonbijelic.com\/?s={search_term_string}"},"query-input":{"@type":"PropertyValueSpecification","valueRequired":true,"valueName":"search_term_string"}}],"inLanguage":"de-DE"}]}},"_links":{"self":[{"href":"https:\/\/leonbijelic.com\/de\/wp-json\/wp\/v2\/pages\/10362","targetHints":{"allow":["GET"]}}],"collection":[{"href":"https:\/\/leonbijelic.com\/de\/wp-json\/wp\/v2\/pages"}],"about":[{"href":"https:\/\/leonbijelic.com\/de\/wp-json\/wp\/v2\/types\/page"}],"author":[{"embeddable":true,"href":"https:\/\/leonbijelic.com\/de\/wp-json\/wp\/v2\/users\/4"}],"replies":[{"embeddable":true,"href":"https:\/\/leonbijelic.com\/de\/wp-json\/wp\/v2\/comments?post=10362"}],"version-history":[{"count":0,"href":"https:\/\/leonbijelic.com\/de\/wp-json\/wp\/v2\/pages\/10362\/revisions"}],"wp:attachment":[{"href":"https:\/\/leonbijelic.com\/de\/wp-json\/wp\/v2\/media?parent=10362"}],"curies":[{"name":"wp","href":"https:\/\/api.w.org\/{rel}","templated":true}]}}